{"id":17477,"date":"2024-10-27T21:09:56","date_gmt":"2024-10-28T01:09:56","guid":{"rendered":"https:\/\/fredtlizer.com\/?page_id=17477"},"modified":"2025-07-17T09:32:59","modified_gmt":"2025-07-17T13:32:59","slug":"contact","status":"publish","type":"page","link":"https:\/\/fredtlizer.com\/sept25\/contact\/","title":{"rendered":"Contact"},"content":{"rendered":"<div class=\"frm_forms  with_frm_style frm_style_style-formidable\" id=\"frm_form_2_container\" >\n<form enctype=\"multipart\/form-data\" method=\"post\" class=\"frm-show-form  frm_ajax_submit \" id=\"form_contact-form2dd4a01abd\" >\n<div class=\"frm_form_fields \">\n<fieldset>\n<legend class=\"frm_screen_reader\">Contactez-nous<\/legend>\r\n\r\n<div class=\"frm_fields_container\">\n<input type=\"hidden\" name=\"frm_action\" value=\"create\" \/>\n<input type=\"hidden\" name=\"form_id\" value=\"2\" \/>\n<input type=\"hidden\" name=\"frm_hide_fields_2\" id=\"frm_hide_fields_2\" value=\"\" \/>\n<input type=\"hidden\" name=\"form_key\" value=\"contact-form2dd4a01abd\" \/>\n<input type=\"hidden\" name=\"item_meta[0]\" value=\"\" \/>\n<input type=\"hidden\" id=\"frm_submit_entry_2\" name=\"frm_submit_entry_2\" value=\"2c258961a5\" \/><input type=\"hidden\" name=\"_wp_http_referer\" value=\"\/sept25\/wp-json\/wp\/v2\/pages\/17477\" \/><div id=\"frm_field_9_container\" class=\"frm_form_field form-field  frm_required_field frm_top_container frm_first frm_half\">\r\n    <label for=\"field_qh4icy7afa8d9e0e\" id=\"field_qh4icy7afa8d9e0e_label\" class=\"frm_primary_label\">Nom : \r\n        <span class=\"frm_required\">*<\/span>\r\n    <\/label>\r\n    <input type=\"text\" id=\"field_qh4icy7afa8d9e0e\" name=\"item_meta[9]\" value=\"\"  data-reqmsg=\"Ce champ ne peut pas \u00eatre vide\" aria-required=\"true\" data-invmsg=\"Name est non valide\" aria-invalid=\"false\"  \/>\r\n    \r\n    \r\n<\/div>\n<div id=\"frm_field_10_container\" class=\"frm_form_field form-field  frm_required_field frm_left_container frm_full\">\r\n    <label for=\"field_29yf4dcd9c0d5f92\" id=\"field_29yf4dcd9c0d5f92_label\" class=\"frm_primary_label\">Courriel :\r\n        <span class=\"frm_required\">*<\/span>\r\n    <\/label>\r\n    <input type=\"email\" id=\"field_29yf4dcd9c0d5f92\" name=\"item_meta[10]\" value=\"\"  data-reqmsg=\"Ce champ ne peut pas \u00eatre vide\" aria-required=\"true\" data-invmsg=\"Please enter a valid email address\" aria-invalid=\"false\"  \/>\r\n    \r\n    \r\n<\/div>\n<div id=\"frm_field_11_container\" class=\"frm_form_field form-field  frm_required_field frm_top_container frm_full\">\r\n    <label for=\"field_e6lis6107cecf80e\" id=\"field_e6lis6107cecf80e_label\" class=\"frm_primary_label\">Sujet : \r\n        <span class=\"frm_required\">*<\/span>\r\n    <\/label>\r\n    <input type=\"text\" id=\"field_e6lis6107cecf80e\" name=\"item_meta[11]\" value=\"\"  data-reqmsg=\"Ce champ ne peut pas \u00eatre vide\" aria-required=\"true\" data-invmsg=\"Sujet est non valide\" aria-invalid=\"false\"  \/>\r\n    \r\n    \r\n<\/div>\n<div id=\"frm_field_12_container\" class=\"frm_form_field form-field  frm_required_field frm_top_container frm_full\">\r\n    <label for=\"field_9jv0r1d25083f236\" id=\"field_9jv0r1d25083f236_label\" class=\"frm_primary_label\">\u00c9crivez un message d\u00e9taill\u00e9 : \r\n        <span class=\"frm_required\">*<\/span>\r\n    <\/label>\r\n    <textarea name=\"item_meta[12]\" id=\"field_9jv0r1d25083f236\" rows=\"5\"  data-reqmsg=\"Ce champ ne peut pas \u00eatre vide\" aria-required=\"true\" data-invmsg=\"\u00c9crivez un message d\u00e9taill\u00e9 :  est non valide\" aria-invalid=\"false\"  ><\/textarea>\r\n    \r\n    \r\n<\/div>\n<div id=\"frm_field_148_container\" class=\"frm_form_field form-field  frm_required_field frm_top_container vertical_radio\">\n\t<div  id=\"field_ij9nq_label\" class=\"frm_primary_label\">Cases \u00e0 cocher\n\t\t<span class=\"frm_required\" aria-hidden=\"true\">*<\/span>\n\t<\/div>\n\t<div class=\"frm_opt_container\" aria-labelledby=\"field_ij9nq_label\" role=\"group\">\t\t<div class=\"frm_checkbox\" id=\"frm_checkbox_148-0\">\t\t\t<label  for=\"field_ij9nq-0\">\n\t\t\t<input type=\"checkbox\" name=\"item_meta[148][]\" id=\"field_ij9nq-0\" value=\"Question concernant votre commande\"  data-reqmsg=\"Ce champ ne peut pas \u00eatre vide\" data-invmsg=\"Cases \u00e0 cocher est non valide\"   aria-required=\"true\"  \/> Question concernant votre commande<\/label><\/div>\n\t\t<div class=\"frm_checkbox\" id=\"frm_checkbox_148-1\">\t\t\t<label  for=\"field_ij9nq-1\">\n\t\t\t<input type=\"checkbox\" name=\"item_meta[148][]\" id=\"field_ij9nq-1\" value=\"Autre sujet\"  data-reqmsg=\"Ce champ ne peut pas \u00eatre vide\" data-invmsg=\"Cases \u00e0 cocher est non valide\"   \/> Autre sujet<\/label><\/div>\n<\/div>\n\t\n\t\n<\/div>\n<div id=\"frm_field_147_container\" class=\"frm_form_field form-field  frm_none_container\">\r\n\t<label for=\"g-recaptcha-response\" id=\"field_cgslm_label\" class=\"frm_primary_label\">Captcha\r\n\t\t<span class=\"frm_required\" aria-hidden=\"true\"><\/span>\r\n\t<\/label>\r\n\t<div  id=\"field_cgslm\" class=\"frm-g-recaptcha\" data-sitekey=\"6Lft7hcaAAAAANpqUIMCyNEZBO4fDa7g_OJ8DQNj\" data-size=\"normal\" data-theme=\"light\"><\/div>\r\n\t\r\n\t\r\n<\/div>\n<div id=\"frm_field_146_container\" class=\"frm_form_field form-field \">\r\n\t<div class=\"frm_submit\">\r\n\r\n<button class=\"frm_button_submit\" type=\"submit\"  >Envoyer<\/button>\r\n\r\n<\/div>\r\n<\/div>\n\t<input type=\"hidden\" name=\"item_key\" value=\"\" \/>\n\t\t\t<div id=\"frm_field_149_container\">\n\t\t\t<label for=\"field_4jmj1\" >\n\t\t\t\tSi vous \u00eates un humain, ne remplissez pas ce champ.\t\t\t<\/label>\n\t\t\t<input  id=\"field_4jmj1\" type=\"text\" class=\"frm_form_field form-field frm_verify\" name=\"item_meta[149]\" value=\"\"  \/>\n\t\t<\/div>\n\t\t<input name=\"frm_state\" type=\"hidden\" value=\"w6vLo2MX9fY\/YZPCqGFn1WQ+uYeoNaQvZ0AozQBnzJM=\" \/><\/div>\n<\/fieldset>\n<\/div>\n\n<\/form>\n<\/div>\n\n","protected":false},"excerpt":{"rendered":"","protected":false},"author":1,"featured_media":0,"parent":0,"menu_order":1,"comment_status":"closed","ping_status":"closed","template":"elementor_theme","meta":{"footnotes":""},"class_list":["post-17477","page","type-page","status-publish","hentry"],"_links":{"self":[{"href":"https:\/\/fredtlizer.com\/sept25\/wp-json\/wp\/v2\/pages\/17477","targetHints":{"allow":["GET"]}}],"collection":[{"href":"https:\/\/fredtlizer.com\/sept25\/wp-json\/wp\/v2\/pages"}],"about":[{"href":"https:\/\/fredtlizer.com\/sept25\/wp-json\/wp\/v2\/types\/page"}],"author":[{"embeddable":true,"href":"https:\/\/fredtlizer.com\/sept25\/wp-json\/wp\/v2\/users\/1"}],"replies":[{"embeddable":true,"href":"https:\/\/fredtlizer.com\/sept25\/wp-json\/wp\/v2\/comments?post=17477"}],"version-history":[{"count":6,"href":"https:\/\/fredtlizer.com\/sept25\/wp-json\/wp\/v2\/pages\/17477\/revisions"}],"predecessor-version":[{"id":17964,"href":"https:\/\/fredtlizer.com\/sept25\/wp-json\/wp\/v2\/pages\/17477\/revisions\/17964"}],"wp:attachment":[{"href":"https:\/\/fredtlizer.com\/sept25\/wp-json\/wp\/v2\/media?parent=17477"}],"curies":[{"name":"wp","href":"https:\/\/api.w.org\/{rel}","templated":true}]}}