{"id":16022,"date":"2024-07-03T19:22:05","date_gmt":"2024-07-03T23:22:05","guid":{"rendered":"https:\/\/fredtlizer.com\/?post_type=product&#038;p=16022"},"modified":"2025-12-26T20:50:37","modified_gmt":"2025-12-27T01:50:37","slug":"kit-dengrais-pour-bonsai-30-ml","status":"publish","type":"product","link":"https:\/\/fredtlizer.com\/sept25\/produit\/kit-dengrais-pour-bonsai-30-ml\/","title":{"rendered":"Kit d&rsquo;engrais pour bonsa\u00ef 30 ml"},"content":{"rendered":"<p style=\"text-align: left;\">Un kit 30ml donne environ 15 litres de solution nutritive<\/p>\n","protected":false},"excerpt":{"rendered":"<p style=\"text-align: left;\">Les bonsa\u00efs demandent une attention extr\u00eame et une nutrition parfaitement \u00e9quilibr\u00e9e pour rester vigoureux malgr\u00e9 leur taille et leur rythme de croissance lent. Avec Fred T. Lizer, chaque apport min\u00e9ral est dos\u00e9 avec pr\u00e9cision et enrichi d\u2019une vie biologique qui revitalise le substrat, renforce la sant\u00e9 de l\u2019arbre et soutient ses d\u00e9fenses naturelles, tout en prot\u00e9geant les micro\u2011organismes essentiels et les pollinisateurs. R\u00e9sultat : des bonsa\u00efs sains, esth\u00e9tiques et durables, que vous pouvez admirer en toute confiance.<\/p>\n<p><span style=\"color: #08a300;\"><strong>SUPPL\u00c9MENTS HAUTE-PERFORMANCE SUGG\u00c9R\u00c9S :<\/strong><\/span><\/p>\n","protected":false},"featured_media":15987,"template":"","meta":[],"product_brand":[],"product_cat":[1621,1515],"product_tag":[],"class_list":{"0":"post-16022","1":"product","2":"type-product","3":"status-publish","4":"has-post-thumbnail","6":"product_cat-bonsai","7":"product_cat-culture-en-terre","8":"product_shipping_class-transport","10":"first","11":"instock","12":"taxable","13":"shipping-taxable","14":"purchasable","15":"product-type-yith_bundle"},"_links":{"self":[{"href":"https:\/\/fredtlizer.com\/sept25\/wp-json\/wp\/v2\/product\/16022","targetHints":{"allow":["GET"]}}],"collection":[{"href":"https:\/\/fredtlizer.com\/sept25\/wp-json\/wp\/v2\/product"}],"about":[{"href":"https:\/\/fredtlizer.com\/sept25\/wp-json\/wp\/v2\/types\/product"}],"version-history":[{"count":16,"href":"https:\/\/fredtlizer.com\/sept25\/wp-json\/wp\/v2\/product\/16022\/revisions"}],"predecessor-version":[{"id":19767,"href":"https:\/\/fredtlizer.com\/sept25\/wp-json\/wp\/v2\/product\/16022\/revisions\/19767"}],"wp:featuredmedia":[{"embeddable":true,"href":"https:\/\/fredtlizer.com\/sept25\/wp-json\/wp\/v2\/media\/15987"}],"wp:attachment":[{"href":"https:\/\/fredtlizer.com\/sept25\/wp-json\/wp\/v2\/media?parent=16022"}],"wp:term":[{"taxonomy":"product_brand","embeddable":true,"href":"https:\/\/fredtlizer.com\/sept25\/wp-json\/wp\/v2\/product_brand?post=16022"},{"taxonomy":"product_cat","embeddable":true,"href":"https:\/\/fredtlizer.com\/sept25\/wp-json\/wp\/v2\/product_cat?post=16022"},{"taxonomy":"product_tag","embeddable":true,"href":"https:\/\/fredtlizer.com\/sept25\/wp-json\/wp\/v2\/product_tag?post=16022"}],"curies":[{"name":"wp","href":"https:\/\/api.w.org\/{rel}","templated":true}]}}