{"id":18704,"date":"2025-04-21T20:24:36","date_gmt":"2025-04-22T00:24:36","guid":{"rendered":"https:\/\/fredtlizer.com\/?post_type=product&#038;p=18704"},"modified":"2025-12-29T22:57:38","modified_gmt":"2025-12-30T03:57:38","slug":"engrais-algue-marine","status":"publish","type":"product","link":"https:\/\/fredtlizer.com\/sept25\/produit\/engrais-algue-marine\/","title":{"rendered":"Engrais algue marine"},"content":{"rendered":"<p>Donnez vie \u00e0 votre jardin avec l&rsquo;engrais organique aux algues de Fred T. Lizer, un extrait \u00e0 base d&rsquo;algues de premi\u00e8re qualit\u00e9 con\u00e7u pour une croissance dynamique et des plantes plus saines. R\u00e9colt\u00e9e \u00e0 partir d&rsquo;Ascophyllum nodosum, cette formule naturelle de 500 ml favorise la croissance des fleurs, des l\u00e9gumes, des haies et des plantes d&rsquo;int\u00e9rieur.<\/p>\n<p>Utilisez-le toutes les semaines ou toutes les deux semaines &#8211; il est facile \u00e0 diluer et donne des r\u00e9sultats visibles. Avec sa composition propre et son parfum \u00e9tonnamment agr\u00e9able, c&rsquo;est un engrais que vous n&rsquo;h\u00e9siterez pas \u00e0 utiliser r\u00e9guli\u00e8rement.<\/p>\n<p>Fabriqu\u00e9e au Canada, cette formule respectueuse de l&rsquo;environnement fait partie de la famille des biofertilisants Fred T. Lizer &#8211; un m\u00e9lange de nature, de science et de passion pour les plantes dans chaque bouteille.<\/p>\n<p>Plantes d\u2019int\u00e9rieurs, plantes en pot<\/p>\n<p>Diluer \u00e0 raison de 5ml par 1 litre d&rsquo;eau<\/p>\n<p>Appliquer au 2 semaines<\/p>\n<p>&nbsp;<\/p>\n<p>Plantes \u00e0 fleurs, jardins, haies et pelouses<\/p>\n<p>Diluer \u00e0 raison de 5ml par 1 litre d&rsquo;eau<\/p>\n<p>Appliquer une fois semaines<\/p>\n","protected":false},"excerpt":{"rendered":"<p>Donnez vie \u00e0 votre jardin avec l&rsquo;engrais organique aux algues de Fred T. Lizer, un extrait \u00e0 base d&rsquo;algues de<\/p>\n","protected":false},"featured_media":18706,"template":"","meta":[],"product_brand":[],"product_cat":[1827,1517],"product_tag":[1688,1689,1782,1787,1784,1786,1785,1735,1783,1788,1686,1687,1690],"class_list":{"0":"post-18704","1":"product","2":"type-product","3":"status-publish","4":"has-post-thumbnail","6":"product_cat-bouteille-individuelle","7":"product_cat-engrais-et-supplements","8":"product_tag-achat-local","9":"product_tag-achat-quebec","10":"product_tag-engrais-algues-marines","11":"product_tag-engrais-defenses-naturelles","12":"product_tag-engrais-mineraux-oligo-elements","13":"product_tag-engrais-phytohormones-naturelles","14":"product_tag-engrais-polysaccharides-marins","15":"product_tag-engrais-racines-vigoureuses","16":"product_tag-engrais-stimulation-bio","17":"product_tag-fertilisant-bio-marin","18":"product_tag-fred-t-lizer","19":"product_tag-fredtlizer","20":"product_tag-produit-local","21":"product_shipping_class-transport","23":"first","24":"instock","25":"taxable","26":"shipping-taxable","27":"purchasable","28":"product-type-simple"},"_links":{"self":[{"href":"https:\/\/fredtlizer.com\/sept25\/wp-json\/wp\/v2\/product\/18704","targetHints":{"allow":["GET"]}}],"collection":[{"href":"https:\/\/fredtlizer.com\/sept25\/wp-json\/wp\/v2\/product"}],"about":[{"href":"https:\/\/fredtlizer.com\/sept25\/wp-json\/wp\/v2\/types\/product"}],"version-history":[{"count":2,"href":"https:\/\/fredtlizer.com\/sept25\/wp-json\/wp\/v2\/product\/18704\/revisions"}],"predecessor-version":[{"id":18707,"href":"https:\/\/fredtlizer.com\/sept25\/wp-json\/wp\/v2\/product\/18704\/revisions\/18707"}],"wp:featuredmedia":[{"embeddable":true,"href":"https:\/\/fredtlizer.com\/sept25\/wp-json\/wp\/v2\/media\/18706"}],"wp:attachment":[{"href":"https:\/\/fredtlizer.com\/sept25\/wp-json\/wp\/v2\/media?parent=18704"}],"wp:term":[{"taxonomy":"product_brand","embeddable":true,"href":"https:\/\/fredtlizer.com\/sept25\/wp-json\/wp\/v2\/product_brand?post=18704"},{"taxonomy":"product_cat","embeddable":true,"href":"https:\/\/fredtlizer.com\/sept25\/wp-json\/wp\/v2\/product_cat?post=18704"},{"taxonomy":"product_tag","embeddable":true,"href":"https:\/\/fredtlizer.com\/sept25\/wp-json\/wp\/v2\/product_tag?post=18704"}],"curies":[{"name":"wp","href":"https:\/\/api.w.org\/{rel}","templated":true}]}}