{"id":19229,"date":"2025-10-09T20:07:28","date_gmt":"2025-10-10T00:07:28","guid":{"rendered":"https:\/\/fredtlizer.com\/sept25\/?post_type=product&#038;p=19229"},"modified":"2025-12-29T22:58:10","modified_gmt":"2025-12-30T03:58:10","slug":"terra-b","status":"publish","type":"product","link":"https:\/\/fredtlizer.com\/sept25\/produit\/terra-b\/","title":{"rendered":"Terra B"},"content":{"rendered":"<p><u>Les <strong>Bases A et B <\/strong><\/u>\u00a0(<strong>ECH<\/strong>) contiennent tous les min\u00e9raux indispensables et en proportion parfaitement adapt\u00e9s pour la croissance des plantes.<\/p>\n<p><strong style=\"font-size: 14px; text-align: var(--text-align); background-color: var(--bgcolor-white); color: var(--wd-text-color);\">Ils sont adapt\u00e9s \u00e0 tous les substrats<\/strong> incluant les terres \u00e0 jardins, terreaux d\u2019empotage, tous les types de syst\u00e8mes hydroponiques et les cultures en fibre de coco. Convient \u00e9galement pour l&rsquo;injection dans le sol, cultures de plein champ ou sous serres.<\/p>\n<p>La qualit\u00e9 sup\u00e9rieure de nos ch\u00e9lates (70% ortho-ortho) et l\u2019utilisation exclusive d\u2019ortho-phosphate font que nos produits sont fortement <strong>disponibles jusqu&rsquo;\u00e0 un pH de 9. Convient aussi aux cultures en eau dures et sol calcaire.<\/strong><\/p>\n<p>Les bases A et B de Fred T. Lizer sont pures et <strong>approuv\u00e9es pour la culture de plantes m\u00e9dicinales.<\/strong><\/p>\n<p>Ils sont s\u00e9par\u00e9s en 2 bouteilles vu leur r\u00e9activit\u00e9 \u00e9lev\u00e9e, ceci augmente leurs efficacit\u00e9s.<\/p>\n\t\t\t<link rel=\"stylesheet\" id=\"elementor-post-15860-css\" href=\"https:\/\/fredtlizer.com\/sept25\/wp-content\/uploads\/elementor\/css\/post-15860.css?ver=1776728727\" type=\"text\/css\" media=\"all\">\n\t\t\t\t\t<div data-elementor-type=\"wp-post\" data-elementor-id=\"15860\" class=\"elementor elementor-15860\" data-elementor-post-type=\"cms_block\">\n\t\t\t\t<div class=\"wd-negative-gap elementor-element elementor-element-2376b195 e-flex e-con-boxed e-con e-parent\" data-id=\"2376b195\" data-element_type=\"container\">\n\t\t\t\t\t<div class=\"e-con-inner\">\n\t\t\t\t<div class=\"elementor-element elementor-element-365c6754 elementor-widget__width-initial elementor-widget elementor-widget-wd_text_block\" data-id=\"365c6754\" data-element_type=\"widget\" data-widget_type=\"wd_text_block.default\">\n\t\t\t\t<div class=\"elementor-widget-container\">\n\t\t\t\t\t\t\t<div class=\"wd-text-block reset-last-child text-left\">\n\t\t\t\n\t\t\t<p style=\"margin-bottom: var(--wd-tags-mb); font-style: normal; font-variant-ligatures: normal; font-variant-caps: normal; font-weight: 400; font-family: &quot;Work Sans&quot;, Arial, Helvetica, sans-serif; font-size: 14px;\"><span style=\"font-weight: 600; font-size: 14px;\"><u style=\"font-size: 14px;\">Mode d\u2019emploi&nbsp;:<\/u><\/span> <span style=\"font-weight: 600; font-size: 14px;\">Dilu\u00e9 en part \u00e9gale de 0.5ml \u00e0 3ml par litre d\u2019eau<\/span> en fonction des types de culture et de leurs stades de d\u00e9veloppement et appliquer \u00e0 une fr\u00e9quence de 2 arrosages sur 3. Voir charte appropri\u00e9e \u00e0 vos cultures.<\/p><p style=\"margin-bottom: var(--wd-tags-mb); font-style: normal; font-variant-ligatures: normal; font-variant-caps: normal; font-weight: 400; font-family: &quot;Work Sans&quot;, Arial, Helvetica, sans-serif; font-size: 14px;\"><u style=\"font-size: 14px;\">\u00c9l\u00e9ments fertilisants inclus dans les bases A et B&nbsp;:<\/u> N, P, K, S, Ca, Mg, B, Cu, Fe, Mn, Mo, Zn, H, O.<\/p><p style=\"margin-bottom: var(--wd-tags-mb); font-style: normal; font-variant-ligatures: normal; font-variant-caps: normal; font-weight: 400; font-family: &quot;Work Sans&quot;, Arial, Helvetica, sans-serif; font-size: 14px;\"><u style=\"font-size: 14px;\">Taux de m\u00e9taux lourds en ppm (particule par million)<\/u>&nbsp;: <span style=\"font-weight: 600; font-size: 14px;\">Arsenic 0, Cadmium 0, Mercure 0, Plomb <\/span>&lt;<span style=\"font-weight: 600; font-size: 14px;\"> 0.000001<\/span><\/p><p style=\"margin-bottom: var(--wd-tags-mb); font-style: normal; font-variant-ligatures: normal; font-variant-caps: normal; font-weight: 400; font-family: &quot;Work Sans&quot;, Arial, Helvetica, sans-serif; font-size: 14px;\"><u style=\"font-size: 14px;\">Solubilit\u00e9&nbsp;:<\/u> <span style=\"font-weight: 600; font-size: 14px;\">100%<\/span><\/p><p style=\"margin-bottom: var(--wd-tags-mb); font-style: normal; font-variant-ligatures: normal; font-variant-caps: normal; font-weight: 400; font-family: &quot;Work Sans&quot;, Arial, Helvetica, sans-serif; font-size: 14px;\">Formats disponibles&nbsp;: 30ml, 250ml, 1L, 4L, 10L, 210L, 1000L<\/p><p style=\"margin-bottom: 0px; font-style: normal; font-variant-ligatures: normal; font-variant-caps: normal; font-weight: 400; font-family: &quot;Work Sans&quot;, Arial, Helvetica, sans-serif; font-size: 14px;\">VALEUR EC : 1ml de Base A et 1ml de Base B dans 1 litre d\u2019eau d\u00e9min\u00e9ralis\u00e9 donnent 0.9 ms\/cm (450ppm TDS500)<span style=\"font-size: 14px; text-align: var(--text-align); background-color: var(--wd-main-bgcolor); color: var(--wd-text-color);\"><\/span><\/p>\n\t\t\t\t\t<\/div>\n\t\t\t\t\t\t<\/div>\n\t\t\t\t<\/div>\n\t\t\t\t\t<\/div>\n\t\t\t\t<\/div>\n\t\t\t\t<\/div>\n\t\t\n","protected":false},"excerpt":{"rendered":"<p>Les Bases A et B \u00a0(ECH) contiennent tous les min\u00e9raux indispensables et en proportion parfaitement adapt\u00e9s pour la croissance des<\/p>\n","protected":false},"featured_media":19256,"template":"","meta":[],"product_brand":[],"product_cat":[1827,1517],"product_tag":[1688,1689,1682,1697,1691,1694,1693,1695,1696,1686,1687,1692,1690],"class_list":{"0":"post-19229","1":"product","2":"type-product","3":"status-publish","4":"has-post-thumbnail","6":"product_cat-bouteille-individuelle","7":"product_cat-engrais-et-supplements","8":"product_tag-achat-local","9":"product_tag-achat-quebec","10":"product_tag-croissance-equilibree","11":"product_tag-engrais-ecologique-substrats-multiples","12":"product_tag-engrais-liquide-terre","13":"product_tag-engrais-ph-stable","14":"product_tag-engrais-universel-bio","15":"product_tag-feuillage-dense","16":"product_tag-floraison-soutenue","17":"product_tag-fred-t-lizer","18":"product_tag-fredtlizer","19":"product_tag-nutrition-complete-arrosage-manuel","20":"product_tag-produit-local","21":"product_shipping_class-transport","23":"first","24":"instock","25":"taxable","26":"shipping-taxable","27":"purchasable","28":"product-type-variable","29":"has-default-attributes"},"_links":{"self":[{"href":"https:\/\/fredtlizer.com\/sept25\/wp-json\/wp\/v2\/product\/19229","targetHints":{"allow":["GET"]}}],"collection":[{"href":"https:\/\/fredtlizer.com\/sept25\/wp-json\/wp\/v2\/product"}],"about":[{"href":"https:\/\/fredtlizer.com\/sept25\/wp-json\/wp\/v2\/types\/product"}],"version-history":[{"count":2,"href":"https:\/\/fredtlizer.com\/sept25\/wp-json\/wp\/v2\/product\/19229\/revisions"}],"predecessor-version":[{"id":19499,"href":"https:\/\/fredtlizer.com\/sept25\/wp-json\/wp\/v2\/product\/19229\/revisions\/19499"}],"wp:featuredmedia":[{"embeddable":true,"href":"https:\/\/fredtlizer.com\/sept25\/wp-json\/wp\/v2\/media\/19256"}],"wp:attachment":[{"href":"https:\/\/fredtlizer.com\/sept25\/wp-json\/wp\/v2\/media?parent=19229"}],"wp:term":[{"taxonomy":"product_brand","embeddable":true,"href":"https:\/\/fredtlizer.com\/sept25\/wp-json\/wp\/v2\/product_brand?post=19229"},{"taxonomy":"product_cat","embeddable":true,"href":"https:\/\/fredtlizer.com\/sept25\/wp-json\/wp\/v2\/product_cat?post=19229"},{"taxonomy":"product_tag","embeddable":true,"href":"https:\/\/fredtlizer.com\/sept25\/wp-json\/wp\/v2\/product_tag?post=19229"}],"curies":[{"name":"wp","href":"https:\/\/api.w.org\/{rel}","templated":true}]}}