{"id":19233,"date":"2025-10-09T20:07:27","date_gmt":"2025-10-10T00:07:27","guid":{"rendered":"https:\/\/fredtlizer.com\/sept25\/?post_type=product&#038;p=19233"},"modified":"2025-12-29T22:59:38","modified_gmt":"2025-12-30T03:59:38","slug":"boobloom","status":"publish","type":"product","link":"https:\/\/fredtlizer.com\/sept25\/produit\/boobloom\/","title":{"rendered":"Boobloom"},"content":{"rendered":"<p><strong>Boobloom (Foliaire seulement) <\/strong>est un concentr\u00e9 de phosphore syst\u00e9mique \u00e0 <u>appliquer en foliaire<\/u> afin d\u2019<strong>augmenter la floraison et la fructification en nombre et en volume<\/strong>.<\/p>\n<p>Boobloom est id\u00e9al pour maximiser le grossissement des fleurs et des fruits. Boobloom est fabriqu\u00e9 de Phosphore et de Potassium syst\u00e9miques, sous la forme mol\u00e9culaire du phosphore et du potassium le plus assimilable et efficient puisqu\u2019elle raccourcit le processus digestif des min\u00e9raux par les plantes en p\u00e9n\u00e9trant directement les parois cellulaires des v\u00e9g\u00e9taux.<\/p>\n<p>En l\u2019appliquant directement sur les fleurs et les fruits, leurs cellules ont acc\u00e8s imm\u00e9diatement \u00e0 ces 2 min\u00e9raux qui constituent leurs principaux besoins nutritifs pour maximiser leurs d\u00e9veloppements. Ne pas ajuster le pH des solutions foliaires.<\/p>\n<p>&nbsp;<\/p>\n","protected":false},"excerpt":{"rendered":"<p>Boobloom (Foliaire seulement) est un concentr\u00e9 de phosphore syst\u00e9mique \u00e0 appliquer en foliaire afin d\u2019augmenter la floraison et la fructification<\/p>\n","protected":false},"featured_media":19264,"template":"","meta":[],"product_brand":[],"product_cat":[1827,1517],"product_tag":[1688,1689,1753,1755,1756,1752,1754,1725,1758,1686,1687,1690,1757],"class_list":{"0":"post-19233","1":"product","2":"type-product","3":"status-publish","4":"has-post-thumbnail","6":"product_cat-bouteille-individuelle","7":"product_cat-engrais-et-supplements","8":"product_tag-achat-local","9":"product_tag-achat-quebec","10":"product_tag-booster-fleurs-bio","11":"product_tag-engrais-bourgeons-nombreux","12":"product_tag-engrais-fleurs-colorees","13":"product_tag-engrais-foliaire-floraison","14":"product_tag-engrais-fructification-rapide","15":"product_tag-engrais-fruits-savoureux","16":"product_tag-fertilisant-bio-foliaire","17":"product_tag-fred-t-lizer","18":"product_tag-fredtlizer","19":"product_tag-produit-local","20":"product_tag-stimulateur-hormonal-naturel","21":"product_shipping_class-transport","23":"first","24":"instock","25":"taxable","26":"shipping-taxable","27":"purchasable","28":"product-type-variable","29":"has-default-attributes"},"_links":{"self":[{"href":"https:\/\/fredtlizer.com\/sept25\/wp-json\/wp\/v2\/product\/19233","targetHints":{"allow":["GET"]}}],"collection":[{"href":"https:\/\/fredtlizer.com\/sept25\/wp-json\/wp\/v2\/product"}],"about":[{"href":"https:\/\/fredtlizer.com\/sept25\/wp-json\/wp\/v2\/types\/product"}],"version-history":[{"count":2,"href":"https:\/\/fredtlizer.com\/sept25\/wp-json\/wp\/v2\/product\/19233\/revisions"}],"predecessor-version":[{"id":19501,"href":"https:\/\/fredtlizer.com\/sept25\/wp-json\/wp\/v2\/product\/19233\/revisions\/19501"}],"wp:featuredmedia":[{"embeddable":true,"href":"https:\/\/fredtlizer.com\/sept25\/wp-json\/wp\/v2\/media\/19264"}],"wp:attachment":[{"href":"https:\/\/fredtlizer.com\/sept25\/wp-json\/wp\/v2\/media?parent=19233"}],"wp:term":[{"taxonomy":"product_brand","embeddable":true,"href":"https:\/\/fredtlizer.com\/sept25\/wp-json\/wp\/v2\/product_brand?post=19233"},{"taxonomy":"product_cat","embeddable":true,"href":"https:\/\/fredtlizer.com\/sept25\/wp-json\/wp\/v2\/product_cat?post=19233"},{"taxonomy":"product_tag","embeddable":true,"href":"https:\/\/fredtlizer.com\/sept25\/wp-json\/wp\/v2\/product_tag?post=19233"}],"curies":[{"name":"wp","href":"https:\/\/api.w.org\/{rel}","templated":true}]}}