{"id":19234,"date":"2025-10-09T20:07:27","date_gmt":"2025-10-10T00:07:27","guid":{"rendered":"https:\/\/fredtlizer.com\/sept25\/?post_type=product&#038;p=19234"},"modified":"2025-12-29T22:59:38","modified_gmt":"2025-12-30T03:59:38","slug":"boostlizer","status":"publish","type":"product","link":"https:\/\/fredtlizer.com\/sept25\/produit\/boostlizer\/","title":{"rendered":"Boostlizer"},"content":{"rendered":"<p><strong><u>Boostlizer<\/u><\/strong><u> (<strong>E<\/strong>) <strong>(Produit attest\u00e9 pour la culture biologique)<\/strong><\/u> est un concentr\u00e9 de sucre et d\u2019acide <strong>utile pour maintenir saine et vigoureuse la flore microbienne<\/strong> <strong>des sols<\/strong> et pour augmenter la rapidit\u00e9 du cycle de division cellulaire (Cycle de Krebs) et le cycle du carbone (CO2) afin <strong>d\u2019augmenter le poids et le volume des plantes, des fleurs et des fruits ainsi que la production de terp\u00e8nes chez les plantes aromatiques,<\/strong> la croissance et la productivit\u00e9 g\u00e9n\u00e9rale des cultures.<\/p>\n<p><strong>Boostlizer est adapt\u00e9 aux cultures en sol <\/strong>incluant les terres \u00e0 jardins, terreaux d\u2019empotage et cultures de plein champ ou sous serres.<strong> Disponibles jusqu&rsquo;\u00e0 un pH de 9. Conviens aussi aux cultures en eau dures et sol calcaire.<\/strong><\/p>\n\t\t\t<link rel=\"stylesheet\" id=\"elementor-post-15854-css\" href=\"https:\/\/fredtlizer.com\/sept25\/wp-content\/uploads\/elementor\/css\/post-15854.css?ver=1776729087\" type=\"text\/css\" media=\"all\">\n\t\t\t\t\t<div data-elementor-type=\"wp-post\" data-elementor-id=\"15854\" class=\"elementor elementor-15854\" data-elementor-post-type=\"cms_block\">\n\t\t\t\t<div class=\"wd-negative-gap elementor-element elementor-element-2376b195 e-flex e-con-boxed e-con e-parent\" data-id=\"2376b195\" data-element_type=\"container\">\n\t\t\t\t\t<div class=\"e-con-inner\">\n\t\t\t\t<div class=\"elementor-element elementor-element-365c6754 elementor-widget__width-initial elementor-widget elementor-widget-wd_text_block\" data-id=\"365c6754\" data-element_type=\"widget\" data-widget_type=\"wd_text_block.default\">\n\t\t\t\t<div class=\"elementor-widget-container\">\n\t\t\t\t\t\t\t<div class=\"wd-text-block reset-last-child text-left\">\n\t\t\t\n\t\t\t<p style=\"margin-bottom: var(--wd-tags-mb); font-style: normal; font-variant-ligatures: normal; font-variant-caps: normal; font-weight: 400; font-family: &quot;Work Sans&quot;, Arial, Helvetica, sans-serif; font-size: 14px;\"><span style=\"font-weight: 600; font-size: 14px;\"><u style=\"font-size: 14px;\">Mode d\u2019emploi&nbsp;:<\/u><\/span> <span style=\"font-weight: 600; font-size: 14px;\">Dilu\u00e9 2ml par litre d\u2019eau<\/span> et appliquer \u00e0 une fr\u00e9quence de 1 \u00e0 2 arrosages sur 3<\/p><p style=\"margin-bottom: var(--wd-tags-mb); font-style: normal; font-variant-ligatures: normal; font-variant-caps: normal; font-weight: 400; font-family: &quot;Work Sans&quot;, Arial, Helvetica, sans-serif; font-size: 14px;\"><u style=\"font-size: 14px;\">\u00c9l\u00e9ments fertilisants inclus dans Boostlizer&nbsp;:<\/u> H, C, O, Acide citrique, Acide humique, Glucose, Saccharose.<\/p><p style=\"margin-bottom: var(--wd-tags-mb); font-style: normal; font-variant-ligatures: normal; font-variant-caps: normal; font-weight: 400; font-family: &quot;Work Sans&quot;, Arial, Helvetica, sans-serif; font-size: 14px;\">Taux de m\u00e9taux lourds en ppm (particule par million)&nbsp;: <span style=\"font-weight: 600; font-size: 14px;\">Arsenic 0, Cadmium 0, Mercure 0, Plomb <\/span>&lt;<span style=\"font-weight: 600; font-size: 14px;\"> 0.000001<\/span><\/p><p style=\"margin-bottom: var(--wd-tags-mb); font-style: normal; font-variant-ligatures: normal; font-variant-caps: normal; font-weight: 400; font-family: &quot;Work Sans&quot;, Arial, Helvetica, sans-serif; font-size: 14px;\">Fait de miel, Acide ascorbique, Acide citrique, Acide humique, Leucrose, Turanose.<\/p><p style=\"margin-bottom: var(--wd-tags-mb); font-style: normal; font-variant-ligatures: normal; font-variant-caps: normal; font-weight: 400; font-family: &quot;Work Sans&quot;, Arial, Helvetica, sans-serif; font-size: 14px;\"><u style=\"font-size: 14px;\">Solubilit\u00e9&nbsp;:<\/u> <span style=\"font-weight: 600; font-size: 14px;\">100%<\/span><\/p><p style=\"margin-bottom: var(--wd-tags-mb); font-style: normal; font-variant-ligatures: normal; font-variant-caps: normal; font-weight: 400; font-family: &quot;Work Sans&quot;, Arial, Helvetica, sans-serif; font-size: 14px;\">Formats disponibles&nbsp;: 30ml, 250ml, 1L, 4L, 10L, 210L, 1000L<\/p><p style=\"margin-bottom: 0px; font-style: normal; font-variant-ligatures: normal; font-variant-caps: normal; font-weight: 400; font-family: &quot;Work Sans&quot;, Arial, Helvetica, sans-serif; font-size: 14px;\">VALEUR EC : 1ml de Boostlizer dans 1 litre d\u2019eau d\u00e9min\u00e9ralis\u00e9 donne EC 0.07 ms\/cm (35ppm TDS500)<span style=\"font-size: 14px; text-align: var(--text-align); background-color: var(--wd-main-bgcolor); color: var(--wd-text-color);\"><\/span><\/p>\n\t\t\t\t\t<\/div>\n\t\t\t\t\t\t<\/div>\n\t\t\t\t<\/div>\n\t\t\t\t\t<\/div>\n\t\t\t\t<\/div>\n\t\t\t\t<\/div>\n\t\t\n","protected":false},"excerpt":{"rendered":"<p>Boostlizer (E) (Produit attest\u00e9 pour la culture biologique) est un concentr\u00e9 de sucre et d\u2019acide utile pour maintenir saine et<\/p>\n","protected":false},"featured_media":19266,"template":"","meta":[],"product_brand":[],"product_cat":[1827,1517],"product_tag":[],"class_list":{"0":"post-19234","1":"product","2":"type-product","3":"status-publish","4":"has-post-thumbnail","6":"product_cat-bouteille-individuelle","7":"product_cat-engrais-et-supplements","8":"product_shipping_class-transport","10":"first","11":"instock","12":"taxable","13":"shipping-taxable","14":"purchasable","15":"product-type-variable","16":"has-default-attributes"},"_links":{"self":[{"href":"https:\/\/fredtlizer.com\/sept25\/wp-json\/wp\/v2\/product\/19234","targetHints":{"allow":["GET"]}}],"collection":[{"href":"https:\/\/fredtlizer.com\/sept25\/wp-json\/wp\/v2\/product"}],"about":[{"href":"https:\/\/fredtlizer.com\/sept25\/wp-json\/wp\/v2\/types\/product"}],"version-history":[{"count":1,"href":"https:\/\/fredtlizer.com\/sept25\/wp-json\/wp\/v2\/product\/19234\/revisions"}],"predecessor-version":[{"id":19267,"href":"https:\/\/fredtlizer.com\/sept25\/wp-json\/wp\/v2\/product\/19234\/revisions\/19267"}],"wp:featuredmedia":[{"embeddable":true,"href":"https:\/\/fredtlizer.com\/sept25\/wp-json\/wp\/v2\/media\/19266"}],"wp:attachment":[{"href":"https:\/\/fredtlizer.com\/sept25\/wp-json\/wp\/v2\/media?parent=19234"}],"wp:term":[{"taxonomy":"product_brand","embeddable":true,"href":"https:\/\/fredtlizer.com\/sept25\/wp-json\/wp\/v2\/product_brand?post=19234"},{"taxonomy":"product_cat","embeddable":true,"href":"https:\/\/fredtlizer.com\/sept25\/wp-json\/wp\/v2\/product_cat?post=19234"},{"taxonomy":"product_tag","embeddable":true,"href":"https:\/\/fredtlizer.com\/sept25\/wp-json\/wp\/v2\/product_tag?post=19234"}],"curies":[{"name":"wp","href":"https:\/\/api.w.org\/{rel}","templated":true}]}}