{"id":19235,"date":"2025-10-09T20:07:27","date_gmt":"2025-10-10T00:07:27","guid":{"rendered":"https:\/\/fredtlizer.com\/sept25\/?post_type=product&#038;p=19235"},"modified":"2025-12-29T22:55:54","modified_gmt":"2025-12-30T03:55:54","slug":"calmag","status":"publish","type":"product","link":"https:\/\/fredtlizer.com\/sept25\/produit\/calmag\/","title":{"rendered":"CalMag"},"content":{"rendered":"<p><strong><u>CalMag <\/u><\/strong><u>(<strong>ECH<\/strong>)<\/u> est un outil qui permet <strong>d\u2019augmente la quantit\u00e9 de calcium et de magn\u00e9sium<\/strong> apport\u00e9 aux cultures. Ils <strong>aident \u00e0 maintenir la stabilit\u00e9 du pH des milieux de cultures<\/strong>, favorisent l\u2019absorption des nutriments et augmentent la vigueur des plantes.<\/p>\n<p><strong>CalMag pr\u00e9vient la pourriture apicale, ou n\u00e9crose apicale, aussi connue sous le nom de cul noir, des tomates, piments, concombres et autres fruits<\/strong>, il est aussi tr\u00e8s appr\u00e9ci\u00e9 par les laitues et toutes les vari\u00e9t\u00e9s de fruits et de l\u00e9gumes. Les nouvelles g\u00e9n\u00e9tiques de plantes consomment de plus en plus de calcium et de magn\u00e9sium et CalMag constitue la solution la plus efficiente et saine pour les combler.<\/p>\n<p><strong>CalMag est adapt\u00e9 \u00e0 tous les substrats<\/strong> incluant les terres \u00e0 jardins, terreaux d\u2019empotage, tous les types de syst\u00e8mes hydroponiques et les cultures en fibre de coco. Convient \u00e9galement pour l&rsquo;injection dans le sol, cultures de plein champ ou sous serres.<strong> Disponibles jusqu&rsquo;\u00e0 un pH de 9. Conviens aussi aux cultures en eau dures et sol calcaire.<\/strong><\/p>\n\t\t\t<link rel=\"stylesheet\" id=\"elementor-post-15845-css\" href=\"https:\/\/fredtlizer.com\/sept25\/wp-content\/uploads\/elementor\/css\/post-15845.css?ver=1776729102\" type=\"text\/css\" media=\"all\">\n\t\t\t\t\t<div data-elementor-type=\"wp-post\" data-elementor-id=\"15845\" class=\"elementor elementor-15845\" data-elementor-post-type=\"cms_block\">\n\t\t\t\t<div class=\"wd-negative-gap elementor-element elementor-element-2376b195 e-flex e-con-boxed e-con e-parent\" data-id=\"2376b195\" data-element_type=\"container\">\n\t\t\t\t\t<div class=\"e-con-inner\">\n\t\t\t\t<div class=\"elementor-element elementor-element-365c6754 elementor-widget__width-initial elementor-widget elementor-widget-wd_text_block\" data-id=\"365c6754\" data-element_type=\"widget\" data-widget_type=\"wd_text_block.default\">\n\t\t\t\t<div class=\"elementor-widget-container\">\n\t\t\t\t\t\t\t<div class=\"wd-text-block reset-last-child text-left\">\n\t\t\t\n\t\t\t<p style=\"margin-bottom: var(--wd-tags-mb); font-style: normal; font-variant-ligatures: normal; font-variant-caps: normal; font-weight: 400; font-family: &quot;Work Sans&quot;, Arial, Helvetica, sans-serif; font-size: 14px;\"><span style=\"font-weight: 600; font-size: 14px;\"><u style=\"font-size: 14px;\">Mode d\u2019emploi&nbsp;:<\/u><\/span> <span style=\"font-weight: 600; font-size: 14px;\">Dilu\u00e9 de 0.2ml \u00e0 2ml par litre d\u2019eau<\/span> en fonction des types de culture et de leurs stades de d\u00e9veloppement et appliquer \u00e0 une fr\u00e9quence de 1 \u00e0 2 arrosages sur 3. Voir charte appropri\u00e9e \u00e0 vos cultures.<\/p><p style=\"margin-bottom: var(--wd-tags-mb); font-style: normal; font-variant-ligatures: normal; font-variant-caps: normal; font-weight: 400; font-family: &quot;Work Sans&quot;, Arial, Helvetica, sans-serif; font-size: 14px;\"><u style=\"font-size: 14px;\">\u00c9l\u00e9ments fertilisants inclus dans CalMag&nbsp;:<\/u> N, Ca, Mg, Fe, H, O.<\/p><p style=\"margin-bottom: var(--wd-tags-mb); font-style: normal; font-variant-ligatures: normal; font-variant-caps: normal; font-weight: 400; font-family: &quot;Work Sans&quot;, Arial, Helvetica, sans-serif; font-size: 14px;\">Taux de m\u00e9taux lourds en ppm (particule par million)&nbsp;: <span style=\"font-weight: 600; font-size: 14px;\">Arsenic 0, Cadmium 0, Mercure 0, Plomb <\/span>&lt;<span style=\"font-weight: 600; font-size: 14px;\"> 0.000001<\/span><\/p><p style=\"margin-bottom: var(--wd-tags-mb); font-style: normal; font-variant-ligatures: normal; font-variant-caps: normal; font-weight: 400; font-family: &quot;Work Sans&quot;, Arial, Helvetica, sans-serif; font-size: 14px;\">Fait de Calcium, de Magn\u00e9sium et de Fer EDDHA, CalMag facilite la p\u00e9n\u00e9tration de l'eau et de min\u00e9raux dans les plantes. C'est aussi un puissant eutrophisant qui favorise l\u2019absorption d\u2019autres nutriments tels l\u2019azote et le phosphore.<\/p><p style=\"margin-bottom: var(--wd-tags-mb); font-style: normal; font-variant-ligatures: normal; font-variant-caps: normal; font-weight: 400; font-family: &quot;Work Sans&quot;, Arial, Helvetica, sans-serif; font-size: 14px;\"><u style=\"font-size: 14px;\">Solubilit\u00e9&nbsp;:<\/u> <span style=\"font-weight: 600; font-size: 14px;\">100%<\/span><\/p><p style=\"margin-bottom: var(--wd-tags-mb); font-style: normal; font-variant-ligatures: normal; font-variant-caps: normal; font-weight: 400; font-family: &quot;Work Sans&quot;, Arial, Helvetica, sans-serif; font-size: 14px;\">Formats disponibles&nbsp;: 30ml, 250ml, 1L, 4L, 10L, 210L, 1000L<\/p><p style=\"margin-bottom: 0px; font-style: normal; font-variant-ligatures: normal; font-variant-caps: normal; font-weight: 400; font-family: &quot;Work Sans&quot;, Arial, Helvetica, sans-serif; font-size: 14px;\">VALEUR EC : 1ml de CalMag dans 1 litre d\u2019eau d\u00e9min\u00e9ralis\u00e9 donne EC 0.55 ms\/cm (275ppm TDS500)<span style=\"font-size: 14px; text-align: var(--text-align); background-color: var(--wd-main-bgcolor); color: var(--wd-text-color);\"><\/span><\/p>\n\t\t\t\t\t<\/div>\n\t\t\t\t\t\t<\/div>\n\t\t\t\t<\/div>\n\t\t\t\t\t<\/div>\n\t\t\t\t<\/div>\n\t\t\t\t<\/div>\n\t\t\n","protected":false},"excerpt":{"rendered":"<p>CalMag (ECH) est un outil qui permet d\u2019augmente la quantit\u00e9 de calcium et de magn\u00e9sium apport\u00e9 aux cultures. Ils aident<\/p>\n","protected":false},"featured_media":19268,"template":"","meta":[],"product_brand":[],"product_cat":[1827,1517],"product_tag":[1688,1689,1716,1714,1720,1718,1717,1721,1686,1687,1715,1690,1719],"class_list":{"0":"post-19235","1":"product","2":"type-product","3":"status-publish","4":"has-post-thumbnail","6":"product_cat-bouteille-individuelle","7":"product_cat-engrais-et-supplements","8":"product_tag-achat-local","9":"product_tag-achat-quebec","10":"product_tag-engrais-anti-necrose-apicale","11":"product_tag-engrais-calcium-magnesium","12":"product_tag-engrais-feuillage-dense","13":"product_tag-engrais-structure-sol","14":"product_tag-engrais-tomates-bio","15":"product_tag-fertilisant-bio-ca-mg","16":"product_tag-fred-t-lizer","17":"product_tag-fredtlizer","18":"product_tag-prevention-carences-plantes","19":"product_tag-produit-local","20":"product_tag-stabilisateur-ph","21":"product_shipping_class-transport","23":"first","24":"instock","25":"taxable","26":"shipping-taxable","27":"purchasable","28":"product-type-variable","29":"has-default-attributes"},"_links":{"self":[{"href":"https:\/\/fredtlizer.com\/sept25\/wp-json\/wp\/v2\/product\/19235","targetHints":{"allow":["GET"]}}],"collection":[{"href":"https:\/\/fredtlizer.com\/sept25\/wp-json\/wp\/v2\/product"}],"about":[{"href":"https:\/\/fredtlizer.com\/sept25\/wp-json\/wp\/v2\/types\/product"}],"version-history":[{"count":1,"href":"https:\/\/fredtlizer.com\/sept25\/wp-json\/wp\/v2\/product\/19235\/revisions"}],"predecessor-version":[{"id":19269,"href":"https:\/\/fredtlizer.com\/sept25\/wp-json\/wp\/v2\/product\/19235\/revisions\/19269"}],"wp:featuredmedia":[{"embeddable":true,"href":"https:\/\/fredtlizer.com\/sept25\/wp-json\/wp\/v2\/media\/19268"}],"wp:attachment":[{"href":"https:\/\/fredtlizer.com\/sept25\/wp-json\/wp\/v2\/media?parent=19235"}],"wp:term":[{"taxonomy":"product_brand","embeddable":true,"href":"https:\/\/fredtlizer.com\/sept25\/wp-json\/wp\/v2\/product_brand?post=19235"},{"taxonomy":"product_cat","embeddable":true,"href":"https:\/\/fredtlizer.com\/sept25\/wp-json\/wp\/v2\/product_cat?post=19235"},{"taxonomy":"product_tag","embeddable":true,"href":"https:\/\/fredtlizer.com\/sept25\/wp-json\/wp\/v2\/product_tag?post=19235"}],"curies":[{"name":"wp","href":"https:\/\/api.w.org\/{rel}","templated":true}]}}