{"id":19236,"date":"2025-10-09T20:07:27","date_gmt":"2025-10-10T00:07:27","guid":{"rendered":"https:\/\/fredtlizer.com\/sept25\/?post_type=product&#038;p=19236"},"modified":"2025-12-29T22:55:54","modified_gmt":"2025-12-30T03:55:54","slug":"chlorophyll","status":"publish","type":"product","link":"https:\/\/fredtlizer.com\/sept25\/produit\/chlorophyll\/","title":{"rendered":"Chlorophyll"},"content":{"rendered":"<p><strong>Chlorophyll<\/strong> (<strong>ECH et foliaire<\/strong>) est constitu\u00e9 d\u2019azote a d\u00e9gagement rapide et moyen et est id\u00e9al lorsque l\u2019on veut r\u00e9parer rapidement des surfaces gazonn\u00e9es ou \u00e9tablir une nouvelle pelouse, stimuler la croissance des gramin\u00e9es ou augmenter le volume des plantes ainsi que le nombre et la qualit\u00e9 des boutures disponibles sur les plants m\u00e8res, Chlorophyll est tr\u00e8s efficace pour faire verdir les conif\u00e8res et haies de c\u00e8dres.<\/p>\n<p>Il stimule la production de chlorophylle des v\u00e9g\u00e9taux en stade de croissance et favorise le d\u00e9veloppement des tiges et des feuilles.<\/p>\n<p><strong>Chlorophyll est adapt\u00e9 \u00e0 tous les substrats<\/strong> incluant les terres \u00e0 jardins, terreaux d\u2019empotage, tous les types de syst\u00e8mes hydroponiques et les cultures en fibre de coco. Convient \u00e9galement pour l&rsquo;injection dans le sol, cultures de plein champ ou sous serres, <u>il est approuv\u00e9 pour la fertilisation des pelouses autour des cours d\u2019eau.<\/u><\/p>\n\t\t\t<link rel=\"stylesheet\" id=\"elementor-post-15839-css\" href=\"https:\/\/fredtlizer.com\/sept25\/wp-content\/uploads\/elementor\/css\/post-15839.css?ver=1776728724\" type=\"text\/css\" media=\"all\">\n\t\t\t\t\t<div data-elementor-type=\"wp-post\" data-elementor-id=\"15839\" class=\"elementor elementor-15839\" data-elementor-post-type=\"cms_block\">\n\t\t\t\t<div class=\"wd-negative-gap elementor-element elementor-element-2376b195 e-flex e-con-boxed e-con e-parent\" data-id=\"2376b195\" data-element_type=\"container\">\n\t\t\t\t\t<div class=\"e-con-inner\">\n\t\t\t\t<div class=\"elementor-element elementor-element-365c6754 elementor-widget__width-initial elementor-widget elementor-widget-wd_text_block\" data-id=\"365c6754\" data-element_type=\"widget\" data-widget_type=\"wd_text_block.default\">\n\t\t\t\t<div class=\"elementor-widget-container\">\n\t\t\t\t\t\t\t<div class=\"wd-text-block reset-last-child text-left\">\n\t\t\t\n\t\t\t<p style=\"margin-bottom: var(--wd-tags-mb); font-style: normal; font-variant-ligatures: normal; font-variant-caps: normal; font-weight: 400; font-family: &quot;Work Sans&quot;, Arial, Helvetica, sans-serif; font-size: 14px;\"><span style=\"font-weight: 600; font-size: 14px;\"><u style=\"font-size: 14px;\">Mode d\u2019emploi&nbsp;:<\/u><\/span> Pelouse, haie de c\u00e8dres et conif\u00e8res&nbsp;: <span style=\"font-weight: 600; font-size: 14px;\">Dilu\u00e9 3ml par litre d\u2019eau<\/span> et appliquer une fois par mois de mai \u00e0 septembre.<\/p><p style=\"margin-bottom: var(--wd-tags-mb); font-style: normal; font-variant-ligatures: normal; font-variant-caps: normal; font-weight: 400; font-family: &quot;Work Sans&quot;, Arial, Helvetica, sans-serif; font-size: 14px;\">Boutures&nbsp;: <span style=\"font-weight: 600; font-size: 14px;\">Dilu\u00e9 0.5ml par litre d\u2019eau<\/span> et appliquer en vaporisation foliaire une fois semaine jusqu\u2019\u00e0 l\u2019apparition des racines<\/p><p style=\"margin-bottom: var(--wd-tags-mb); font-style: normal; font-variant-ligatures: normal; font-variant-caps: normal; font-weight: 400; font-family: &quot;Work Sans&quot;, Arial, Helvetica, sans-serif; font-size: 14px;\">Plants m\u00e8re&nbsp;: <span style=\"font-weight: 600; font-size: 14px;\">Dilu\u00e9 3ml par litre d\u2019eau<\/span> et appliquer en vaporisation foliaire ou au sol, une semaine avant la prise de bouture et imm\u00e9diatement apr\u00e8s afin de stimuler la formation de nouvelles feuilles.<\/p><p style=\"margin-bottom: var(--wd-tags-mb); font-style: normal; font-variant-ligatures: normal; font-variant-caps: normal; font-weight: 400; font-family: &quot;Work Sans&quot;, Arial, Helvetica, sans-serif; font-size: 14px;\"><u style=\"font-size: 14px;\">\u00c9l\u00e9ments fertilisants inclus dans Chlorophyll:<\/u> Azote<\/p><p style=\"margin-bottom: var(--wd-tags-mb); font-style: normal; font-variant-ligatures: normal; font-variant-caps: normal; font-weight: 400; font-family: &quot;Work Sans&quot;, Arial, Helvetica, sans-serif; font-size: 14px;\">Taux de m\u00e9taux lourds en ppm (particule par million)&nbsp;: <span style=\"font-weight: 600; font-size: 14px;\">Arsenic 0, Cadmium 0, Mercure 0, Plomb 0<\/span><\/p><p style=\"margin-bottom: var(--wd-tags-mb); font-style: normal; font-variant-ligatures: normal; font-variant-caps: normal; font-weight: 400; font-family: &quot;Work Sans&quot;, Arial, Helvetica, sans-serif; font-size: 14px;\">Fait de Nitrate d\u2019ammonium et de nitrate de potassium<\/p><p style=\"margin-bottom: var(--wd-tags-mb); font-style: normal; font-variant-ligatures: normal; font-variant-caps: normal; font-weight: 400; font-family: &quot;Work Sans&quot;, Arial, Helvetica, sans-serif; font-size: 14px;\"><u style=\"font-size: 14px;\">Solubilit\u00e9&nbsp;:<\/u> <span style=\"font-weight: 600; font-size: 14px;\">100%<\/span><\/p><p style=\"margin-bottom: var(--wd-tags-mb); font-style: normal; font-variant-ligatures: normal; font-variant-caps: normal; font-weight: 400; font-family: &quot;Work Sans&quot;, Arial, Helvetica, sans-serif; font-size: 14px;\">Formats disponibles&nbsp;: 30ml, 250ml, 1L, 4L, 10L, 210L, 1000L<\/p><p style=\"margin-bottom: 0px; font-style: normal; font-variant-ligatures: normal; font-variant-caps: normal; font-weight: 400; font-family: &quot;Work Sans&quot;, Arial, Helvetica, sans-serif; font-size: 14px;\">VALEUR EC : 1ml de Chlorophyll dans 1 litre d\u2019eau d\u00e9min\u00e9ralis\u00e9 donne EC 0.02 ms\/cm (10ppm TDS500)<span style=\"font-size: 14px; text-align: var(--text-align); background-color: var(--wd-main-bgcolor); color: var(--wd-text-color);\"><\/span><\/p>\n\t\t\t\t\t<\/div>\n\t\t\t\t\t\t<\/div>\n\t\t\t\t<\/div>\n\t\t\t\t\t<\/div>\n\t\t\t\t<\/div>\n\t\t\t\t<\/div>\n\t\t\n","protected":false},"excerpt":{"rendered":"<p>Chlorophyll (ECH et foliaire) est constitu\u00e9 d\u2019azote a d\u00e9gagement rapide et moyen et est id\u00e9al lorsque l\u2019on veut r\u00e9parer rapidement<\/p>\n","protected":false},"featured_media":19270,"template":"","meta":[],"product_brand":[],"product_cat":[1827,1517],"product_tag":[1688,1689,1764,1761,1759,1760,1765,1763,1762,1766,1686,1687,1690],"class_list":{"0":"post-19236","1":"product","2":"type-product","3":"status-publish","4":"has-post-thumbnail","6":"product_cat-bouteille-individuelle","7":"product_cat-engrais-et-supplements","8":"product_tag-achat-local","9":"product_tag-achat-quebec","10":"product_tag-engrais-absorption-eau","11":"product_tag-engrais-azote-potassium","12":"product_tag-engrais-chlorophylle","13":"product_tag-engrais-croissance-feuillage","14":"product_tag-engrais-feuillage-vert-fonce","15":"product_tag-engrais-microvie-sol","16":"product_tag-engrais-sol-fertile","17":"product_tag-fertilisant-bio-croissance-rapide","18":"product_tag-fred-t-lizer","19":"product_tag-fredtlizer","20":"product_tag-produit-local","21":"product_shipping_class-transport","23":"first","24":"instock","25":"taxable","26":"shipping-taxable","27":"purchasable","28":"product-type-variable","29":"has-default-attributes"},"_links":{"self":[{"href":"https:\/\/fredtlizer.com\/sept25\/wp-json\/wp\/v2\/product\/19236","targetHints":{"allow":["GET"]}}],"collection":[{"href":"https:\/\/fredtlizer.com\/sept25\/wp-json\/wp\/v2\/product"}],"about":[{"href":"https:\/\/fredtlizer.com\/sept25\/wp-json\/wp\/v2\/types\/product"}],"version-history":[{"count":1,"href":"https:\/\/fredtlizer.com\/sept25\/wp-json\/wp\/v2\/product\/19236\/revisions"}],"predecessor-version":[{"id":19271,"href":"https:\/\/fredtlizer.com\/sept25\/wp-json\/wp\/v2\/product\/19236\/revisions\/19271"}],"wp:featuredmedia":[{"embeddable":true,"href":"https:\/\/fredtlizer.com\/sept25\/wp-json\/wp\/v2\/media\/19270"}],"wp:attachment":[{"href":"https:\/\/fredtlizer.com\/sept25\/wp-json\/wp\/v2\/media?parent=19236"}],"wp:term":[{"taxonomy":"product_brand","embeddable":true,"href":"https:\/\/fredtlizer.com\/sept25\/wp-json\/wp\/v2\/product_brand?post=19236"},{"taxonomy":"product_cat","embeddable":true,"href":"https:\/\/fredtlizer.com\/sept25\/wp-json\/wp\/v2\/product_cat?post=19236"},{"taxonomy":"product_tag","embeddable":true,"href":"https:\/\/fredtlizer.com\/sept25\/wp-json\/wp\/v2\/product_tag?post=19236"}],"curies":[{"name":"wp","href":"https:\/\/api.w.org\/{rel}","templated":true}]}}