{"id":19239,"date":"2025-10-09T20:07:28","date_gmt":"2025-10-10T00:07:28","guid":{"rendered":"https:\/\/fredtlizer.com\/sept25\/?post_type=product&#038;p=19239"},"modified":"2025-12-29T22:55:54","modified_gmt":"2025-12-30T03:55:54","slug":"flush-sweet","status":"publish","type":"product","link":"https:\/\/fredtlizer.com\/sept25\/produit\/flush-sweet\/","title":{"rendered":"Flush &#038; Sweet"},"content":{"rendered":"<p><strong>Flush &amp; Sweet<\/strong> (<strong>ECH) Permet d\u2019optimiser le d\u00e9veloppement des saveurs<\/strong> des fleurs et des fruits en favorisant le d\u00e9veloppement des terp\u00e8nes et des aromates. Flush &amp; Sweet est un compos\u00e9 aromatique fait d\u2019essences naturel et artificiel con\u00e7u pour augmenter le parfum des fleurs et leurs productions de nectar et de sucre.<\/p>\n<p>Flush &amp; Sweet augmente la saveur et la prise de poids des fruits. Il peut \u00eatre utilis\u00e9 pour varier les parfums lorsque vous cultivez une seule vari\u00e9t\u00e9 et qu\u2019il est appliqu\u00e9 \u00e0 une s\u00e9lection limit\u00e9e de plantes de cette culture.<\/p>\n\t\t\t<link rel=\"stylesheet\" id=\"elementor-post-15851-css\" href=\"https:\/\/fredtlizer.com\/sept25\/wp-content\/uploads\/elementor\/css\/post-15851.css?ver=1776729084\" type=\"text\/css\" media=\"all\">\n\t\t\t\t\t<div data-elementor-type=\"wp-post\" data-elementor-id=\"15851\" class=\"elementor elementor-15851\" data-elementor-post-type=\"cms_block\">\n\t\t\t\t<div class=\"wd-negative-gap elementor-element elementor-element-2376b195 e-flex e-con-boxed e-con e-parent\" data-id=\"2376b195\" data-element_type=\"container\">\n\t\t\t\t\t<div class=\"e-con-inner\">\n\t\t\t\t<div class=\"elementor-element elementor-element-365c6754 elementor-widget__width-initial elementor-widget elementor-widget-wd_text_block\" data-id=\"365c6754\" data-element_type=\"widget\" data-widget_type=\"wd_text_block.default\">\n\t\t\t\t<div class=\"elementor-widget-container\">\n\t\t\t\t\t\t\t<div class=\"wd-text-block reset-last-child text-left\">\n\t\t\t\n\t\t\t<p style=\"margin-bottom: var(--wd-tags-mb); font-style: normal; font-variant-ligatures: normal; font-variant-caps: normal; font-weight: 400; font-family: &quot;Work Sans&quot;, Arial, Helvetica, sans-serif; font-size: 14px;\"><span style=\"font-weight: 600; font-size: 14px;\"><u style=\"font-size: 14px;\">Mode d\u2019emploi&nbsp;:<\/u><\/span> Diluer et m\u00e9langer de 2ml par litres d\u2019eau, Il peut s'ajouter \u00e0 votre solution fertilisante. Appliquer lorsque les plantes sont en fleuraison ou fructification. Peut \u00eatre appliqu\u00e9 jusqu\u2019\u00e0 1 jour avant la r\u00e9colte et de 1 \u00e0 2 fois par semaine pour les cultures en sols.<\/p><p style=\"margin-bottom: var(--wd-tags-mb); font-style: normal; font-variant-ligatures: normal; font-variant-caps: normal; font-weight: 400; font-family: &quot;Work Sans&quot;, Arial, Helvetica, sans-serif; font-size: 14px;\">\u00c9l\u00e9ments fertilisants inclus dans Flush &amp; Sweet: Carbone<\/p><p style=\"margin-bottom: var(--wd-tags-mb); font-style: normal; font-variant-ligatures: normal; font-variant-caps: normal; font-weight: 400; font-family: &quot;Work Sans&quot;, Arial, Helvetica, sans-serif; font-size: 14px;\">Taux de m\u00e9taux lourds en ppm (particule par million) : Arsenic 0, Cadmium 0, Mercure 0, Plomb 0<\/p><p style=\"margin-bottom: var(--wd-tags-mb); font-style: normal; font-variant-ligatures: normal; font-variant-caps: normal; font-weight: 400; font-family: &quot;Work Sans&quot;, Arial, Helvetica, sans-serif; font-size: 14px;\">Fait de Glucose, Saccharose, Arome naturel et artificiel.<\/p><p style=\"margin-bottom: var(--wd-tags-mb); font-style: normal; font-variant-ligatures: normal; font-variant-caps: normal; font-weight: 400; font-family: &quot;Work Sans&quot;, Arial, Helvetica, sans-serif; font-size: 14px;\">Solubilit\u00e9 : 100%<\/p><p style=\"margin-bottom: var(--wd-tags-mb); font-style: normal; font-variant-ligatures: normal; font-variant-caps: normal; font-weight: 400; font-family: &quot;Work Sans&quot;, Arial, Helvetica, sans-serif; font-size: 14px;\">Formats disponibles : 30ml, 250ml, 1L, 4L, 10L, 210L, 1000L<\/p><p style=\"margin-bottom: 0px; font-style: normal; font-variant-ligatures: normal; font-variant-caps: normal; font-weight: 400; font-family: &quot;Work Sans&quot;, Arial, Helvetica, sans-serif; font-size: 14px;\">VALEUR EC : 1ml de Flush &amp; Sweet dans 1 litre d\u2019eau d\u00e9min\u00e9ralis\u00e9 donne EC 0.07 ms\/cm (35ppm TDS500)<span style=\"font-size: 14px; text-align: var(--text-align); background-color: var(--wd-main-bgcolor); color: var(--wd-text-color);\"><\/span><\/p>\n\t\t\t\t\t<\/div>\n\t\t\t\t\t\t<\/div>\n\t\t\t\t<\/div>\n\t\t\t\t\t<\/div>\n\t\t\t\t<\/div>\n\t\t\t\t<\/div>\n\t\t\n","protected":false},"excerpt":{"rendered":"<p>Flush &amp; Sweet (ECH) Permet d\u2019optimiser le d\u00e9veloppement des saveurs des fleurs et des fruits en favorisant le d\u00e9veloppement des<\/p>\n","protected":false},"featured_media":19276,"template":"","meta":[],"product_brand":[],"product_cat":[1827,1517],"product_tag":[1688,1689,1772,1773,1769,1768,1771,1770,1767,1774,1686,1687,1775],"class_list":{"0":"post-19239","1":"product","2":"type-product","3":"status-publish","4":"has-post-thumbnail","6":"product_cat-bouteille-individuelle","7":"product_cat-engrais-et-supplements","8":"product_tag-achat-local","9":"product_tag-achat-quebec","10":"product_tag-engrais-aromes-intenses","11":"product_tag-engrais-bio-maturation","12":"product_tag-engrais-douceur-fruits","13":"product_tag-engrais-fin-de-cycle","14":"product_tag-engrais-fleurs-compactes","15":"product_tag-engrais-gout-recoltes","16":"product_tag-engrais-saveur-aromes","17":"product_tag-fertilisant-bio-qualite-finale","18":"product_tag-fred-t-lizer","19":"product_tag-fredtlizer","20":"product_tag-produit-loca","21":"product_shipping_class-transport","23":"first","24":"instock","25":"taxable","26":"shipping-taxable","27":"purchasable","28":"product-type-variable","29":"has-default-attributes"},"_links":{"self":[{"href":"https:\/\/fredtlizer.com\/sept25\/wp-json\/wp\/v2\/product\/19239","targetHints":{"allow":["GET"]}}],"collection":[{"href":"https:\/\/fredtlizer.com\/sept25\/wp-json\/wp\/v2\/product"}],"about":[{"href":"https:\/\/fredtlizer.com\/sept25\/wp-json\/wp\/v2\/types\/product"}],"version-history":[{"count":1,"href":"https:\/\/fredtlizer.com\/sept25\/wp-json\/wp\/v2\/product\/19239\/revisions"}],"predecessor-version":[{"id":19277,"href":"https:\/\/fredtlizer.com\/sept25\/wp-json\/wp\/v2\/product\/19239\/revisions\/19277"}],"wp:featuredmedia":[{"embeddable":true,"href":"https:\/\/fredtlizer.com\/sept25\/wp-json\/wp\/v2\/media\/19276"}],"wp:attachment":[{"href":"https:\/\/fredtlizer.com\/sept25\/wp-json\/wp\/v2\/media?parent=19239"}],"wp:term":[{"taxonomy":"product_brand","embeddable":true,"href":"https:\/\/fredtlizer.com\/sept25\/wp-json\/wp\/v2\/product_brand?post=19239"},{"taxonomy":"product_cat","embeddable":true,"href":"https:\/\/fredtlizer.com\/sept25\/wp-json\/wp\/v2\/product_cat?post=19239"},{"taxonomy":"product_tag","embeddable":true,"href":"https:\/\/fredtlizer.com\/sept25\/wp-json\/wp\/v2\/product_tag?post=19239"}],"curies":[{"name":"wp","href":"https:\/\/api.w.org\/{rel}","templated":true}]}}