{"id":19240,"date":"2025-10-09T20:07:26","date_gmt":"2025-10-10T00:07:26","guid":{"rendered":"https:\/\/fredtlizer.com\/sept25\/?post_type=product&#038;p=19240"},"modified":"2025-12-29T22:55:54","modified_gmt":"2025-12-30T03:55:54","slug":"heavylizer","status":"publish","type":"product","link":"https:\/\/fredtlizer.com\/sept25\/produit\/heavylizer\/","title":{"rendered":"Heavylizer"},"content":{"rendered":"<p><strong>Heavylizer <\/strong>(<strong>ECH) <\/strong>et un compos\u00e9 d\u2019acides organiques et amin\u00e9s qui augmentent l\u2019absorption de l\u2019eau et des nutriments par les racines, il acc\u00e9l\u00e8re la multiplication des cellules des plantes, augmentant ainsi le d\u00e9veloppement des plantes, la production et la grosseur des fleurs et des fruits.<\/p>\n<p>Heavylizer am\u00e9liore l\u2019efficacit\u00e9 des engrais et la pr\u00e9servation des sols. En ajoutant Heavylizer \u00e0 vos solutions nutritives, vos plantes augmenteront leurs consommations en eau et en nutriments.<\/p>\n<p><strong>Heavylizer est adapt\u00e9 \u00e0 tous les substrats<\/strong> incluant les terres \u00e0 jardins, terreaux d\u2019empotage, tous les types de syst\u00e8mes hydroponiques et les cultures en fibre de coco. Convient \u00e9galement pour l&rsquo;injection dans le sol, cultures de plein champ ou sous serres.<\/p>\n\t\t\t<link rel=\"stylesheet\" id=\"elementor-post-15836-css\" href=\"https:\/\/fredtlizer.com\/sept25\/wp-content\/uploads\/elementor\/css\/post-15836.css?ver=1776728874\" type=\"text\/css\" media=\"all\">\n\t\t\t\t\t<div data-elementor-type=\"wp-post\" data-elementor-id=\"15836\" class=\"elementor elementor-15836\" data-elementor-post-type=\"cms_block\">\n\t\t\t\t<div class=\"wd-negative-gap elementor-element elementor-element-2376b195 e-flex e-con-boxed e-con e-parent\" data-id=\"2376b195\" data-element_type=\"container\">\n\t\t\t\t\t<div class=\"e-con-inner\">\n\t\t\t\t<div class=\"elementor-element elementor-element-365c6754 elementor-widget__width-initial elementor-widget elementor-widget-wd_text_block\" data-id=\"365c6754\" data-element_type=\"widget\" data-widget_type=\"wd_text_block.default\">\n\t\t\t\t<div class=\"elementor-widget-container\">\n\t\t\t\t\t\t\t<div class=\"wd-text-block reset-last-child text-left\">\n\t\t\t\n\t\t\t<p style=\"margin-bottom: var(--wd-tags-mb); font-style: normal; font-variant-ligatures: normal; font-variant-caps: normal; font-weight: 400; font-family: &quot;Work Sans&quot;, Arial, Helvetica, sans-serif; font-size: 14px;\"><span style=\"font-weight: 600; font-size: 14px;\"><u style=\"font-size: 14px;\">Mode d\u2019emplois&nbsp;:<\/u><\/span> Diluer et m\u00e9langer 0.2ml par litres d\u2019eau, il s'ajoute \u00e0 votre solution fertilisante. Fertilisez vos plantes 2 arrosages sur 3 en \u00e9t\u00e9 (d\u2019avril \u00e0 septembre).<\/p><p style=\"margin-bottom: var(--wd-tags-mb); font-style: normal; font-variant-ligatures: normal; font-variant-caps: normal; font-weight: 400; font-family: &quot;Work Sans&quot;, Arial, Helvetica, sans-serif; font-size: 14px;\"><u style=\"font-size: 14px;\">\u00c9l\u00e9ments fertilisants inclus dans Heavylizer&nbsp;:<\/u> Acide amin\u00e9 et carboxylique<\/p><p style=\"margin-bottom: var(--wd-tags-mb); font-style: normal; font-variant-ligatures: normal; font-variant-caps: normal; font-weight: 400; font-family: &quot;Work Sans&quot;, Arial, Helvetica, sans-serif; font-size: 14px;\">Taux de m\u00e9taux lourds en ppm (particule par million)&nbsp;: <span style=\"font-weight: 600; font-size: 14px;\">Arsenic 0, Cadmium 0, Mercure 0, Plomb 0<\/span><\/p><p style=\"margin-bottom: var(--wd-tags-mb); font-style: normal; font-variant-ligatures: normal; font-variant-caps: normal; font-weight: 400; font-family: &quot;Work Sans&quot;, Arial, Helvetica, sans-serif; font-size: 14px;\">Fait d\u2019acide carboxylique.<\/p><p style=\"margin-bottom: var(--wd-tags-mb); font-style: normal; font-variant-ligatures: normal; font-variant-caps: normal; font-weight: 400; font-family: &quot;Work Sans&quot;, Arial, Helvetica, sans-serif; font-size: 14px;\"><u style=\"font-size: 14px;\">Solubilit\u00e9&nbsp;:<\/u> <span style=\"font-weight: 600; font-size: 14px;\">100%<\/span><\/p><p style=\"margin-bottom: var(--wd-tags-mb); font-style: normal; font-variant-ligatures: normal; font-variant-caps: normal; font-weight: 400; font-family: &quot;Work Sans&quot;, Arial, Helvetica, sans-serif; font-size: 14px;\">Formats disponibles&nbsp;: 30ml, 250ml, 1L, 4L, 10L, 210L, 1000L<\/p><p style=\"margin-bottom: 0px; font-style: normal; font-variant-ligatures: normal; font-variant-caps: normal; font-weight: 400; font-family: &quot;Work Sans&quot;, Arial, Helvetica, sans-serif; font-size: 14px;\">VALEUR EC : 1ml d\u2019Heavylizer dans 1 litre d\u2019eau d\u00e9min\u00e9ralis\u00e9 donne EC 0 ms\/cm (0ppm TDS500).<span style=\"font-size: 14px; text-align: var(--text-align); background-color: var(--wd-main-bgcolor); color: var(--wd-text-color);\"><\/span><\/p>\n\t\t\t\t\t<\/div>\n\t\t\t\t\t\t<\/div>\n\t\t\t\t<\/div>\n\t\t\t\t\t<\/div>\n\t\t\t\t<\/div>\n\t\t\t\t<\/div>\n\t\t\n","protected":false},"excerpt":{"rendered":"<p>Heavylizer (ECH) et un compos\u00e9 d\u2019acides organiques et amin\u00e9s qui augmentent l\u2019absorption de l\u2019eau et des nutriments par les racines,<\/p>\n","protected":false},"featured_media":19278,"template":"","meta":[],"product_brand":[],"product_cat":[1827,1517],"product_tag":[1688,1689,1781,1778,1776,1780,1779,1777,1718,1766,1686,1687,1690],"class_list":{"0":"post-19240","1":"product","2":"type-product","3":"status-publish","4":"has-post-thumbnail","6":"product_cat-bouteille-individuelle","7":"product_cat-engrais-et-supplements","8":"product_tag-achat-local","9":"product_tag-achat-quebec","10":"product_tag-engrais-absorption-optimisee","11":"product_tag-engrais-nutriments-bloques","12":"product_tag-engrais-plantes-fortes","13":"product_tag-engrais-racinaire-actif","14":"product_tag-engrais-retention-eau","15":"product_tag-engrais-sol-fatigue","16":"product_tag-engrais-structure-sol","17":"product_tag-fertilisant-bio-croissance-rapide","18":"product_tag-fred-t-lizer","19":"product_tag-fredtlizer","20":"product_tag-produit-local","21":"product_shipping_class-transport","23":"first","24":"instock","25":"taxable","26":"shipping-taxable","27":"purchasable","28":"product-type-variable","29":"has-default-attributes"},"_links":{"self":[{"href":"https:\/\/fredtlizer.com\/sept25\/wp-json\/wp\/v2\/product\/19240","targetHints":{"allow":["GET"]}}],"collection":[{"href":"https:\/\/fredtlizer.com\/sept25\/wp-json\/wp\/v2\/product"}],"about":[{"href":"https:\/\/fredtlizer.com\/sept25\/wp-json\/wp\/v2\/types\/product"}],"version-history":[{"count":1,"href":"https:\/\/fredtlizer.com\/sept25\/wp-json\/wp\/v2\/product\/19240\/revisions"}],"predecessor-version":[{"id":19279,"href":"https:\/\/fredtlizer.com\/sept25\/wp-json\/wp\/v2\/product\/19240\/revisions\/19279"}],"wp:featuredmedia":[{"embeddable":true,"href":"https:\/\/fredtlizer.com\/sept25\/wp-json\/wp\/v2\/media\/19278"}],"wp:attachment":[{"href":"https:\/\/fredtlizer.com\/sept25\/wp-json\/wp\/v2\/media?parent=19240"}],"wp:term":[{"taxonomy":"product_brand","embeddable":true,"href":"https:\/\/fredtlizer.com\/sept25\/wp-json\/wp\/v2\/product_brand?post=19240"},{"taxonomy":"product_cat","embeddable":true,"href":"https:\/\/fredtlizer.com\/sept25\/wp-json\/wp\/v2\/product_cat?post=19240"},{"taxonomy":"product_tag","embeddable":true,"href":"https:\/\/fredtlizer.com\/sept25\/wp-json\/wp\/v2\/product_tag?post=19240"}],"curies":[{"name":"wp","href":"https:\/\/api.w.org\/{rel}","templated":true}]}}