{"id":19241,"date":"2025-10-09T20:07:27","date_gmt":"2025-10-10T00:07:27","guid":{"rendered":"https:\/\/fredtlizer.com\/sept25\/?post_type=product&#038;p=19241"},"modified":"2026-01-18T15:26:15","modified_gmt":"2026-01-18T20:26:15","slug":"roots-rhizo","status":"publish","type":"product","link":"https:\/\/fredtlizer.com\/sept25\/produit\/roots-rhizo\/","title":{"rendered":"Rooter"},"content":{"rendered":"<p><strong>Rooter<\/strong> \u2013 L\u2019enracineur puissant et naturel<br \/>\nFormul\u00e9 \u00e0 partir de vitamines B, de fumier de vers de terre liquide, d\u2019\u00e9pices et d\u2019hormones naturelles, Rooter stimule la formation de racines saines, profondes et vigoureuses. Il agit d\u00e8s les premiers stades de la vie de la plante, favorisant :<\/p>\n<p><strong>Les semis :<\/strong> am\u00e9liore l\u2019absorption des nutriments et de l\u2019eau, acc\u00e9l\u00e8re le d\u00e9veloppement racinaire et r\u00e9duit le stress li\u00e9 \u00e0 la germination.<\/p>\n<p><strong>Les boutures :<\/strong> favorise l\u2019\u00e9mission rapide de nouvelles racines, garantissant un enracinement solide et une reprise rapide.<\/p>\n<p><strong>Les transplantations et rempotages :<\/strong> r\u00e9duit le stress, prot\u00e8ge les racines et assure une adaptation rapide du plant \u00e0 son nouvel environnement, avec une croissance \u00e9quilibr\u00e9e d\u00e8s les premiers jours.<\/p>\n<p>Le r\u00e9sultat est un syst\u00e8me racinaire dense et performant, qui soutient la croissance de la plante, am\u00e9liore sa r\u00e9sistance aux stress et pr\u00e9pare le terrain pour des floraisons et des r\u00e9coltes abondantes. Rooter est le choix id\u00e9al pour assurer le succ\u00e8s de vos semis, boutures et jeunes plants, tout en favorisant une sant\u00e9 optimale et un d\u00e9veloppement durable.<\/p>\n<p><strong>Rooter est adapt\u00e9s \u00e0 tous les substrats<\/strong> incluant les terres \u00e0 jardins, terreaux d\u2019empotage, tous les types de syst\u00e8mes hydroponiques et les cultures en fibre de coco. Convient \u00e9galement pour l&rsquo;injection dans le sol, cultures de plein champ ou sous serres.<\/p>\n","protected":false},"excerpt":{"rendered":"<p>Rooter \u2013 L\u2019enracineur puissant et naturel Formul\u00e9 \u00e0 partir de vitamines B, de fumier de vers de terre liquide, d\u2019\u00e9pices<\/p>\n","protected":false},"featured_media":19280,"template":"","meta":[],"product_brand":[],"product_cat":[1827,1517],"product_tag":[1688,1689,1709,1711,1712,1713,1706,1708,1686,1687,1690,1707,1710],"class_list":{"0":"post-19241","1":"product","2":"type-product","3":"status-publish","4":"has-post-thumbnail","6":"product_cat-bouteille-individuelle","7":"product_cat-engrais-et-supplements","8":"product_tag-achat-local","9":"product_tag-achat-quebec","10":"product_tag-bouturage-reussi","11":"product_tag-engrais-micro-organismes-utiles","12":"product_tag-engrais-mineraux-essentiels","13":"product_tag-engrais-organique-racines-fortes","14":"product_tag-engrais-racinaire-bio","15":"product_tag-enracinement-rapide","16":"product_tag-fred-t-lizer","17":"product_tag-fredtlizer","18":"product_tag-produit-local","19":"product_tag-stimulateur-racines","20":"product_tag-transplantation-vigoureuse","21":"product_shipping_class-transport","23":"first","24":"instock","25":"sale","26":"taxable","27":"shipping-taxable","28":"purchasable","29":"product-type-variable","30":"has-default-attributes"},"_links":{"self":[{"href":"https:\/\/fredtlizer.com\/sept25\/wp-json\/wp\/v2\/product\/19241","targetHints":{"allow":["GET"]}}],"collection":[{"href":"https:\/\/fredtlizer.com\/sept25\/wp-json\/wp\/v2\/product"}],"about":[{"href":"https:\/\/fredtlizer.com\/sept25\/wp-json\/wp\/v2\/types\/product"}],"version-history":[{"count":3,"href":"https:\/\/fredtlizer.com\/sept25\/wp-json\/wp\/v2\/product\/19241\/revisions"}],"predecessor-version":[{"id":27223,"href":"https:\/\/fredtlizer.com\/sept25\/wp-json\/wp\/v2\/product\/19241\/revisions\/27223"}],"wp:featuredmedia":[{"embeddable":true,"href":"https:\/\/fredtlizer.com\/sept25\/wp-json\/wp\/v2\/media\/19280"}],"wp:attachment":[{"href":"https:\/\/fredtlizer.com\/sept25\/wp-json\/wp\/v2\/media?parent=19241"}],"wp:term":[{"taxonomy":"product_brand","embeddable":true,"href":"https:\/\/fredtlizer.com\/sept25\/wp-json\/wp\/v2\/product_brand?post=19241"},{"taxonomy":"product_cat","embeddable":true,"href":"https:\/\/fredtlizer.com\/sept25\/wp-json\/wp\/v2\/product_cat?post=19241"},{"taxonomy":"product_tag","embeddable":true,"href":"https:\/\/fredtlizer.com\/sept25\/wp-json\/wp\/v2\/product_tag?post=19241"}],"curies":[{"name":"wp","href":"https:\/\/api.w.org\/{rel}","templated":true}]}}