{"id":19242,"date":"2025-10-09T20:07:27","date_gmt":"2025-10-10T00:07:27","guid":{"rendered":"https:\/\/fredtlizer.com\/sept25\/?post_type=product&#038;p=19242"},"modified":"2025-12-29T22:55:54","modified_gmt":"2025-12-30T03:55:54","slug":"stronglizer","status":"publish","type":"product","link":"https:\/\/fredtlizer.com\/sept25\/produit\/stronglizer\/","title":{"rendered":"Stronglizer"},"content":{"rendered":"<p><strong>Stronglizer <\/strong>(<strong>ECH<\/strong>) est fait de silice et de potassium, <strong>il augmente la r\u00e9sistance naturelle des plantes aux maladies et aux insectes ravageurs sans nuire aux insectes et oiseaux pollinisateurs<\/strong> en \u00e9paississant la paroi cellulaire des cellules composant les plantes. Les plantes sont plus rigides et solides et plus difficiles \u00e0 piquer et \u00e0 infecter.<\/p>\n<p><strong>Stronglizer est adapt\u00e9 \u00e0 tous les substrats<\/strong> incluant les terres \u00e0 jardins, terreaux d\u2019empotage, tous les types de syst\u00e8mes hydroponiques et les cultures en fibre de coco. Convient \u00e9galement pour l&rsquo;injection dans le sol, cultures de plein champ ou sous serres.<\/p>\n\t\t\t<link rel=\"stylesheet\" id=\"elementor-post-15830-css\" href=\"https:\/\/fredtlizer.com\/sept25\/wp-content\/uploads\/elementor\/css\/post-15830.css?ver=1776728768\" type=\"text\/css\" media=\"all\">\n\t\t\t\t\t<div data-elementor-type=\"wp-post\" data-elementor-id=\"15830\" class=\"elementor elementor-15830\" data-elementor-post-type=\"cms_block\">\n\t\t\t\t<div class=\"wd-negative-gap elementor-element elementor-element-2376b195 e-flex e-con-boxed e-con e-parent\" data-id=\"2376b195\" data-element_type=\"container\">\n\t\t\t\t\t<div class=\"e-con-inner\">\n\t\t\t\t<div class=\"elementor-element elementor-element-365c6754 elementor-widget__width-initial elementor-widget elementor-widget-wd_text_block\" data-id=\"365c6754\" data-element_type=\"widget\" data-widget_type=\"wd_text_block.default\">\n\t\t\t\t<div class=\"elementor-widget-container\">\n\t\t\t\t\t\t\t<div class=\"wd-text-block reset-last-child text-left\">\n\t\t\t\n\t\t\t<p style=\"margin-bottom: var(--wd-tags-mb); font-style: normal; font-variant-ligatures: normal; font-variant-caps: normal; font-weight: 400; font-family: &quot;Work Sans&quot;, Arial, Helvetica, sans-serif; font-size: 14px;\"><span style=\"font-weight: 600; font-size: 14px;\"><u style=\"font-size: 14px;\">Mode d\u2019emplois&nbsp;:<\/u><\/span> Croissance et floraison&nbsp;: Stronglizer s\u2019applique en solution nutritive ou en arrosage foliaire. <span style=\"font-weight: 600; font-size: 14px;\">Dilu\u00e9 0.2ml par litre d\u2019eau<\/span> et appliquer une fois par semaine de la phase de croissance jusqu\u2019\u00e0 la r\u00e9colte.<\/p><p style=\"margin-bottom: var(--wd-tags-mb); font-style: normal; font-variant-ligatures: normal; font-variant-caps: normal; font-weight: 400; font-family: &quot;Work Sans&quot;, Arial, Helvetica, sans-serif; font-size: 14px;\"><u style=\"font-size: 14px;\">\u00c9l\u00e9ments fertilisants inclus dans Stronglizer&nbsp;:<\/u> Silice, potassium<\/p><p style=\"margin-bottom: var(--wd-tags-mb); font-style: normal; font-variant-ligatures: normal; font-variant-caps: normal; font-weight: 400; font-family: &quot;Work Sans&quot;, Arial, Helvetica, sans-serif; font-size: 14px;\">Taux de m\u00e9taux lourds en ppm (particule par million)&nbsp;: <span style=\"font-weight: 600; font-size: 14px;\">Arsenic 0, Cadmium 0, Mercure 0, Plomb 0<\/span><\/p><p style=\"margin-bottom: var(--wd-tags-mb); font-style: normal; font-variant-ligatures: normal; font-variant-caps: normal; font-weight: 400; font-family: &quot;Work Sans&quot;, Arial, Helvetica, sans-serif; font-size: 14px;\">Fait de Silicate de Potassium<\/p><p style=\"margin-bottom: var(--wd-tags-mb); font-style: normal; font-variant-ligatures: normal; font-variant-caps: normal; font-weight: 400; font-family: &quot;Work Sans&quot;, Arial, Helvetica, sans-serif; font-size: 14px;\"><u style=\"font-size: 14px;\">Solubilit\u00e9&nbsp;:<\/u> <span style=\"font-weight: 600; font-size: 14px;\">100%<\/span><\/p><p style=\"margin-bottom: var(--wd-tags-mb); font-style: normal; font-variant-ligatures: normal; font-variant-caps: normal; font-weight: 400; font-family: &quot;Work Sans&quot;, Arial, Helvetica, sans-serif; font-size: 14px;\">Formats disponibles&nbsp;: 30ml, 250ml, 1L, 4L, 10L, 210L, 1000L<\/p><p style=\"margin-bottom: 0px; font-style: normal; font-variant-ligatures: normal; font-variant-caps: normal; font-weight: 400; font-family: &quot;Work Sans&quot;, Arial, Helvetica, sans-serif; font-size: 14px;\">VALEUR EC : 1ml de Stronglizer dans 1 litre d\u2019eau d\u00e9min\u00e9ralis\u00e9 donne EC 0 ms\/cm (0ppm TDS500)<\/p><span style=\"font-family: &quot;Work Sans&quot;, Arial, Helvetica, sans-serif; font-size: 14px; font-style: normal; font-variant-ligatures: normal; font-variant-caps: normal; font-weight: 400;\"><\/span><p><\/p>\n\t\t\t\t\t<\/div>\n\t\t\t\t\t\t<\/div>\n\t\t\t\t<\/div>\n\t\t\t\t\t<\/div>\n\t\t\t\t<\/div>\n\t\t\t\t<\/div>\n\t\t\n","protected":false},"excerpt":{"rendered":"<p>Stronglizer (ECH) est fait de silice et de potassium, il augmente la r\u00e9sistance naturelle des plantes aux maladies et aux<\/p>\n","protected":false},"featured_media":19282,"template":"","meta":[],"product_brand":[],"product_cat":[1827,1517],"product_tag":[1688,1689,1748,1747,1746,1744,1749,1745,1750,1751,1686,1687,1690],"class_list":{"0":"post-19242","1":"product","2":"type-product","3":"status-publish","4":"has-post-thumbnail","6":"product_cat-bouteille-individuelle","7":"product_cat-engrais-et-supplements","8":"product_tag-achat-local","9":"product_tag-achat-quebec","10":"product_tag-engrais-anti-insectes","11":"product_tag-engrais-anti-maladies","12":"product_tag-engrais-defense-naturelle","13":"product_tag-engrais-resistance-plantes","14":"product_tag-engrais-stress-hydrique","15":"product_tag-engrais-tiges-fortes","16":"product_tag-engrais-tolerance-sel","17":"product_tag-fertilisant-bio-productivite","18":"product_tag-fred-t-lizer","19":"product_tag-fredtlizer","20":"product_tag-produit-local","21":"product_shipping_class-transport","23":"first","24":"instock","25":"taxable","26":"shipping-taxable","27":"purchasable","28":"product-type-variable","29":"has-default-attributes"},"_links":{"self":[{"href":"https:\/\/fredtlizer.com\/sept25\/wp-json\/wp\/v2\/product\/19242","targetHints":{"allow":["GET"]}}],"collection":[{"href":"https:\/\/fredtlizer.com\/sept25\/wp-json\/wp\/v2\/product"}],"about":[{"href":"https:\/\/fredtlizer.com\/sept25\/wp-json\/wp\/v2\/types\/product"}],"version-history":[{"count":1,"href":"https:\/\/fredtlizer.com\/sept25\/wp-json\/wp\/v2\/product\/19242\/revisions"}],"predecessor-version":[{"id":19283,"href":"https:\/\/fredtlizer.com\/sept25\/wp-json\/wp\/v2\/product\/19242\/revisions\/19283"}],"wp:featuredmedia":[{"embeddable":true,"href":"https:\/\/fredtlizer.com\/sept25\/wp-json\/wp\/v2\/media\/19282"}],"wp:attachment":[{"href":"https:\/\/fredtlizer.com\/sept25\/wp-json\/wp\/v2\/media?parent=19242"}],"wp:term":[{"taxonomy":"product_brand","embeddable":true,"href":"https:\/\/fredtlizer.com\/sept25\/wp-json\/wp\/v2\/product_brand?post=19242"},{"taxonomy":"product_cat","embeddable":true,"href":"https:\/\/fredtlizer.com\/sept25\/wp-json\/wp\/v2\/product_cat?post=19242"},{"taxonomy":"product_tag","embeddable":true,"href":"https:\/\/fredtlizer.com\/sept25\/wp-json\/wp\/v2\/product_tag?post=19242"}],"curies":[{"name":"wp","href":"https:\/\/api.w.org\/{rel}","templated":true}]}}