{"id":19662,"date":"2025-11-03T21:32:28","date_gmt":"2025-11-04T02:32:28","guid":{"rendered":"https:\/\/fredtlizer.com\/sept25\/?post_type=product&#038;p=19662"},"modified":"2025-12-27T11:30:55","modified_gmt":"2025-12-27T16:30:55","slug":"kit-dengrais-pour-laitue-pour-culture-en-terre-30-ml","status":"publish","type":"product","link":"https:\/\/fredtlizer.com\/sept25\/produit\/kit-dengrais-pour-laitue-pour-culture-en-terre-30-ml\/","title":{"rendered":"Kit d&rsquo;engrais pour laitue 30 ml"},"content":{"rendered":"<p style=\"text-align: left;\">Un kit 10 litres donne environ 5000 ml de solution nutritive<\/p>\n<p style=\"text-align: left;\"><strong>Peut \u00eatre utilis\u00e9 pour :<\/strong> Inclus: Blette \/ Bette \u00e0 carde (Beta vulgaris subsp. cicla), Bok choy \/ Pak cho\u00ef (Brassica rapa subsp. chinensis), Cresson (Nasturtium officinale), \u00c9pinard (Spinacia oleracea), Laitue pomm\u00e9e (Lactuca sativa var. capitata), Laitue romaine (Lactuca sativa var. longifolia), Laitue batavia (Lactuca sativa var. capitata L.), Laitue feuille de ch\u00eane \/ Oakleaf (Lactuca sativa var. crispa), Laitue feuille de ch\u00eane rouge \/ Red Oakleaf (Lactuca sativa var. crispa), Laitue feuille de ch\u00eane verte \/ Green Oakleaf (Lactuca sativa var. crispa), Laitue fris\u00e9e \/ Fris\u00e9e (Lactuca sativa var. crispa), Laitue Butterhead \/ Boston (Lactuca sativa var. capitata), Laitue Bibb (Lactuca sativa var. capitata), Mizuna (Brassica rapa var. nipposinica), Roquette \/ Eruca sativa, Chou fris\u00e9 \/ Kale (Brassica oleracea var. acephala), Chou chinois \/ Bok choy (Brassica rapa subsp. chinensis), Chou de Milan \/ Savoy (Brassica oleracea var. sabauda), M\u00e2che \/ Doucette (Valerianella locusta)<\/p>\n","protected":false},"excerpt":{"rendered":"<p style=\"text-align: left;\">La laitue exige une nutrition pr\u00e9cise pour cro\u00eetre rapidement, d\u00e9velopper un feuillage tendre et produire des r\u00e9coltes r\u00e9guli\u00e8res. Avec Fred T. Lizer, chaque plante re\u00e7oit des min\u00e9raux parfaitement dos\u00e9s et une richesse biologique qui stimule la croissance, renforce la r\u00e9sistance aux maladies et aux ravageurs, et pr\u00e9serve la sant\u00e9 de vos cultures. \u202fFormul\u00e9s pour minimiser au maximum les m\u00e9taux lourds et sans ingr\u00e9dients canc\u00e9rig\u00e8nes, nos produits assurent une culture saine et performante. Que vos laitues soient cultiv\u00e9es en pots, jardini\u00e8res, pleine terre, substrat ou hydroponie, elles prosp\u00e8rent pleinement. R\u00e9sultat : des feuilles croquantes, savoureuses et abondantes.<\/p>\n<p><span style=\"color: #08a300;\"><strong>SUPPL\u00c9MENTS HAUTE-PERFORMANCE SUGG\u00c9R\u00c9S :<\/strong><\/span><\/p>\n","protected":false},"featured_media":15987,"template":"","meta":[],"product_brand":[],"product_cat":[1515,1623],"product_tag":[],"class_list":{"0":"post-19662","1":"product","2":"type-product","3":"status-publish","4":"has-post-thumbnail","6":"product_cat-culture-en-terre","7":"product_cat-laitue","8":"product_shipping_class-transport","10":"first","11":"instock","12":"taxable","13":"shipping-taxable","14":"purchasable","15":"product-type-yith_bundle"},"_links":{"self":[{"href":"https:\/\/fredtlizer.com\/sept25\/wp-json\/wp\/v2\/product\/19662","targetHints":{"allow":["GET"]}}],"collection":[{"href":"https:\/\/fredtlizer.com\/sept25\/wp-json\/wp\/v2\/product"}],"about":[{"href":"https:\/\/fredtlizer.com\/sept25\/wp-json\/wp\/v2\/types\/product"}],"version-history":[{"count":5,"href":"https:\/\/fredtlizer.com\/sept25\/wp-json\/wp\/v2\/product\/19662\/revisions"}],"predecessor-version":[{"id":19666,"href":"https:\/\/fredtlizer.com\/sept25\/wp-json\/wp\/v2\/product\/19662\/revisions\/19666"}],"wp:featuredmedia":[{"embeddable":true,"href":"https:\/\/fredtlizer.com\/sept25\/wp-json\/wp\/v2\/media\/15987"}],"wp:attachment":[{"href":"https:\/\/fredtlizer.com\/sept25\/wp-json\/wp\/v2\/media?parent=19662"}],"wp:term":[{"taxonomy":"product_brand","embeddable":true,"href":"https:\/\/fredtlizer.com\/sept25\/wp-json\/wp\/v2\/product_brand?post=19662"},{"taxonomy":"product_cat","embeddable":true,"href":"https:\/\/fredtlizer.com\/sept25\/wp-json\/wp\/v2\/product_cat?post=19662"},{"taxonomy":"product_tag","embeddable":true,"href":"https:\/\/fredtlizer.com\/sept25\/wp-json\/wp\/v2\/product_tag?post=19662"}],"curies":[{"name":"wp","href":"https:\/\/api.w.org\/{rel}","templated":true}]}}