{"id":19678,"date":"2025-11-03T22:25:26","date_gmt":"2025-11-04T03:25:26","guid":{"rendered":"https:\/\/fredtlizer.com\/sept25\/?post_type=product&#038;p=19678"},"modified":"2025-12-26T20:41:27","modified_gmt":"2025-12-27T01:41:27","slug":"kit-dengrais-pour-pelouse-250-ml","status":"publish","type":"product","link":"https:\/\/fredtlizer.com\/sept25\/produit\/kit-dengrais-pour-pelouse-250-ml\/","title":{"rendered":"Kit d&rsquo;engrais pour pelouse 250 ml"},"content":{"rendered":"<p style=\"text-align: left;\">Un kit 10 litres donne environ 2850 ml de solution nutritive<\/p>\n<p style=\"text-align: left;\"><strong>Peut \u00eatre utilis\u00e9 pour :<\/strong> Agrostide stolonif\u00e8re (Agrostis stolonifera), Agrostide hybride (Agrostis \u00d7), Brome des pr\u00e9s (Bromus inermis), Brome interm\u00e9diaire (Bromus riparius), F\u00e9tuque des pr\u00e9s (Festuca pratensis), F\u00e9tuque rouge (Festuca rubra), F\u00e9tuque \u00e9lev\u00e9e (Festuca arundinacea), F\u00e9tuque ovine (Festuca ovina), F\u00e9tuque tra\u00e7ante (Festuca trachyphylla), Gazon hybride (Lolium \u00d7 hybridum), Gazon anglais (Lolium perenne), Gazon italien (Lolium multiflorum), Gazon de montagne (Poa alpina), Gazon bleu (Poa pratensis), Gazon de Nouvelle-Z\u00e9lande (Poa annua), P\u00e2turin commun (Poa trivialis), P\u00e2turin du Kentucky (Poa pratensis var. Kentucky bluegrass), P\u00e2turin rouge (Poa nemoralis), P\u00e2turin des pr\u00e9s (Poa pratensis), P\u00e2turin \u00e9rig\u00e9 (Poa supina), Ray-grass anglais (Lolium perenne), Ray-grass italien (Lolium multiflorum), Zoysia japonica (Zoysia japonica), Zoysia tenuifolia (Zoysia tenuifolia), Cynodon dactylon (Cynodon dactylon), Buchlo\u00eb dactylo\u00efdes (Buchloe dactyloides).<\/p>\n","protected":false},"excerpt":{"rendered":"<p style=\"text-align: left;\">Pour un gazon dense et parfaitement entretenu, capable de r\u00e9sister aux maladies, aux insectes et \u00e0 la s\u00e9cheresse, chaque apport compte. Avec Fred T. Lizer, vous adaptez la fertilisation \u00e0 chaque zone : pr\u00e8s des cours d\u2019eau, Chlorophyll fournit azote et potassium sans phosphore, prot\u00e9geant l\u2019environnement et les \u00e9cosyst\u00e8mes aquatiques. Sur le reste du terrain, Terra A et B stimulent l\u2019enracinement et renforcent la r\u00e9sistance naturelle, pour un gazon vigoureux et uniforme. R\u00e9sultat : un gazon luxuriant et solide, d\u2019une qualit\u00e9 digne des terrains de golf professionnels, esth\u00e9tiquement parfait et durable toute la saison.<\/p>\n<p><span style=\"color: #08a300;\"><strong>SUPPL\u00c9MENTS HAUTE-PERFORMANCE SUGG\u00c9R\u00c9S :<\/strong><\/span><\/p>\n","protected":false},"featured_media":15964,"template":"","meta":[],"product_brand":[],"product_cat":[1515,1497],"product_tag":[],"class_list":{"0":"post-19678","1":"product","2":"type-product","3":"status-publish","4":"has-post-thumbnail","6":"product_cat-culture-en-terre","7":"product_cat-pelouse-et-gazon","8":"product_shipping_class-transport","10":"first","11":"instock","12":"taxable","13":"shipping-taxable","14":"purchasable","15":"product-type-yith_bundle"},"_links":{"self":[{"href":"https:\/\/fredtlizer.com\/sept25\/wp-json\/wp\/v2\/product\/19678","targetHints":{"allow":["GET"]}}],"collection":[{"href":"https:\/\/fredtlizer.com\/sept25\/wp-json\/wp\/v2\/product"}],"about":[{"href":"https:\/\/fredtlizer.com\/sept25\/wp-json\/wp\/v2\/types\/product"}],"version-history":[{"count":5,"href":"https:\/\/fredtlizer.com\/sept25\/wp-json\/wp\/v2\/product\/19678\/revisions"}],"predecessor-version":[{"id":19766,"href":"https:\/\/fredtlizer.com\/sept25\/wp-json\/wp\/v2\/product\/19678\/revisions\/19766"}],"wp:featuredmedia":[{"embeddable":true,"href":"https:\/\/fredtlizer.com\/sept25\/wp-json\/wp\/v2\/media\/15964"}],"wp:attachment":[{"href":"https:\/\/fredtlizer.com\/sept25\/wp-json\/wp\/v2\/media?parent=19678"}],"wp:term":[{"taxonomy":"product_brand","embeddable":true,"href":"https:\/\/fredtlizer.com\/sept25\/wp-json\/wp\/v2\/product_brand?post=19678"},{"taxonomy":"product_cat","embeddable":true,"href":"https:\/\/fredtlizer.com\/sept25\/wp-json\/wp\/v2\/product_cat?post=19678"},{"taxonomy":"product_tag","embeddable":true,"href":"https:\/\/fredtlizer.com\/sept25\/wp-json\/wp\/v2\/product_tag?post=19678"}],"curies":[{"name":"wp","href":"https:\/\/api.w.org\/{rel}","templated":true}]}}