{"id":19693,"date":"2025-11-10T21:23:39","date_gmt":"2025-11-11T02:23:39","guid":{"rendered":"https:\/\/fredtlizer.com\/sept25\/?post_type=product&#038;p=19693"},"modified":"2025-12-28T11:49:53","modified_gmt":"2025-12-28T16:49:53","slug":"kit-dengrais-pour-arbres-et-arbustes-30-ml","status":"publish","type":"product","link":"https:\/\/fredtlizer.com\/sept25\/produit\/kit-dengrais-pour-arbres-et-arbustes-30-ml\/","title":{"rendered":"Kit d&rsquo;engrais pour arbres et arbustes 30 ml"},"content":{"rendered":"<p style=\"text-align: left;\">Un kit 30ml donne environ 15 ml de solution nutritive<\/p>\n<p style=\"text-align: left;\"><strong>Peut \u00eatre utilis\u00e9 pour :<\/strong> Arbousier d\u2019Am\u00e9rique (Arbutus menziesii), Bouleau \u00e0 papier (Betula papyrifera), Bouleau noir (Betula nigra), C\u00e8dre bleu de l\u2019Atlas (Cedrus atlantica \u2018Glauca\u2019), C\u00e8dre de l\u2019Himalaya (Cedrus deodara), Charme de Caroline (Ostrya virginiana), Ch\u00eane des marais (Quercus palustris), Ch\u00eane rouge (Quercus rubra), Ch\u00eane vert du Sud (Quercus virginiana), Copalme d\u2019Am\u00e9rique (Liquidambar styraciflua), Cornouiller de Floride (Cornus florida), Cornouiller du Japon (Cornus kousa), Cypr\u00e8s de Lawson (Chamaecyparis lawsoniana), Cypr\u00e8s Sawara (Chamaecyparis pisifera), \u00c9rable \u00e0 sucre (Acer saccharum), \u00c9rable de l\u2019Amour (Acer ginnala), \u00c9rable de Norv\u00e8ge (Acer platanoides), \u00c9rable japonais (Acer palmatum), \u00c9rable rouge (Acer rubrum), Fr\u00eane d\u2019Am\u00e9rique (Fraxinus americana), Fr\u00eane rouge (Fraxinus pennsylvanica), Fusain ail\u00e9 (Euonymus alatus), Gen\u00e9vrier commun (Juniperus communis), H\u00eatre pourpre (Fagus sylvatica \u2018Purpurea\u2019), Houx commun (Ilex aquifolium), Houx d\u2019Am\u00e9rique (Ilex opaca), If commun (Taxus baccata), Mahonia \u00e0 feuilles de houx (Mahonia aquifolium), M\u00e9l\u00e8ze laricin (Larix laricina), Micocoulier (Celtis occidentalis), Noyer noir (Juglans nigra), Platane \u00e0 feuilles d\u2019\u00e9rable (Platanus \u00d7 acerifolia), Peuplier blanc (Populus alba), Sapin baumier (Abies balsamea), Sapin de Nordmann (Abies nordmanniana), Saule pleureur (Salix babylonica), Thuya occidental \/ C\u00e8dre blanc (Thuja occidentalis), Tupelo noir (Nyssa sylvatica), Viorne tinus (Viburnum tinus).<\/p>\n","protected":false},"excerpt":{"rendered":"<p style=\"text-align: left;\">Les arbustes \u00e0 feuilles se d\u00e9veloppent pleinement quand leur nutrition est ma\u00eetris\u00e9e et leur sol nourri. Gr\u00e2ce \u00e0 Fred T. Lizer, vos plantes profitent d\u2019apports min\u00e9raux exacts et d\u2019une richesse biologique qui soutient leur vitalit\u00e9, am\u00e9liore leur r\u00e9sistance aux stress et prot\u00e8ge le jardin dans son ensemble, pollinisateurs compris. R\u00e9sultat : des arbustes sains, esth\u00e9tiques et durables.<\/p>\n<p><span style=\"color: #08a300;\"><strong>SUPPL\u00c9MENTS HAUTE-PERFORMANCE SUGG\u00c9R\u00c9S :<\/strong><\/span><\/p>\n","protected":false},"featured_media":16090,"template":"","meta":[],"product_brand":[],"product_cat":[1800,1515],"product_tag":[],"class_list":{"0":"post-19693","1":"product","2":"type-product","3":"status-publish","4":"has-post-thumbnail","6":"product_cat-arbres-et-arbustes","7":"product_cat-culture-en-terre","8":"product_shipping_class-transport","10":"first","11":"instock","12":"taxable","13":"shipping-taxable","14":"purchasable","15":"product-type-yith_bundle"},"_links":{"self":[{"href":"https:\/\/fredtlizer.com\/sept25\/wp-json\/wp\/v2\/product\/19693","targetHints":{"allow":["GET"]}}],"collection":[{"href":"https:\/\/fredtlizer.com\/sept25\/wp-json\/wp\/v2\/product"}],"about":[{"href":"https:\/\/fredtlizer.com\/sept25\/wp-json\/wp\/v2\/types\/product"}],"version-history":[{"count":6,"href":"https:\/\/fredtlizer.com\/sept25\/wp-json\/wp\/v2\/product\/19693\/revisions"}],"predecessor-version":[{"id":19887,"href":"https:\/\/fredtlizer.com\/sept25\/wp-json\/wp\/v2\/product\/19693\/revisions\/19887"}],"wp:featuredmedia":[{"embeddable":true,"href":"https:\/\/fredtlizer.com\/sept25\/wp-json\/wp\/v2\/media\/16090"}],"wp:attachment":[{"href":"https:\/\/fredtlizer.com\/sept25\/wp-json\/wp\/v2\/media?parent=19693"}],"wp:term":[{"taxonomy":"product_brand","embeddable":true,"href":"https:\/\/fredtlizer.com\/sept25\/wp-json\/wp\/v2\/product_brand?post=19693"},{"taxonomy":"product_cat","embeddable":true,"href":"https:\/\/fredtlizer.com\/sept25\/wp-json\/wp\/v2\/product_cat?post=19693"},{"taxonomy":"product_tag","embeddable":true,"href":"https:\/\/fredtlizer.com\/sept25\/wp-json\/wp\/v2\/product_tag?post=19693"}],"curies":[{"name":"wp","href":"https:\/\/api.w.org\/{rel}","templated":true}]}}