{"id":19797,"date":"2025-12-26T22:30:42","date_gmt":"2025-12-27T03:30:42","guid":{"rendered":"https:\/\/fredtlizer.com\/sept25\/?post_type=product&#038;p=19797"},"modified":"2025-12-27T11:28:52","modified_gmt":"2025-12-27T16:28:52","slug":"kit-dengrais-pour-arbres-et-arbustes-a-fleurs-et-a-fruits-4-litres","status":"publish","type":"product","link":"https:\/\/fredtlizer.com\/sept25\/produit\/kit-dengrais-pour-arbres-et-arbustes-a-fleurs-et-a-fruits-4-litres\/","title":{"rendered":"Kit d&rsquo;engrais pour arbres et arbustes \u00e0 fleurs et \u00e0 fruits 4 litres"},"content":{"rendered":"<p style=\"text-align: left;\">Un kit 30ml donne environ 15 ml de solution nutritive<\/p>\n<p style=\"text-align: left;\"><strong>Peut \u00eatre utilis\u00e9 pour :<\/strong> Cerisier de Virginie (Prunus virginiana), Cerisier doux (Prunus avium), Cerisier du Japon (Prunus serrulata), Gainier rouge d\u2019Am\u00e9rique (Cercis canadensis), Hibiscus de Syrie \/ Alth\u00e9a (Hibiscus syriacus), Lilas commun (Syringa vulgaris), Lilas des Indes (Lagerstroemia indica), Magnolia de Soulange (Magnolia \u00d7 soulangeana), Magnolia \u00e9toil\u00e9 (Magnolia stellata), Magnolia \u00e0 grandes feuilles persistantes (Magnolia grandiflora), M\u00fbrier blanc (Morus alba), M\u00fbrier rouge (Morus rubra), P\u00eacher (Prunus persica), Poirier commun (Pyrus communis), Poirier de Chine \/ de Callery (Pyrus calleryana), Pommier \u00e0 fruits (Malus domestica), Pommier ornemental \u2018Royalty\u2019 (Malus \u2018Royalty\u2019), Prunier pissardii (Prunus cerasifera \u2018Nigra\u2019), Rhododendron de Catawba (Rhododendron catawbiense), Rosier rugueux (Rosa rugosa), Viorne obier (Viburnum opulus).<\/p>\n","protected":false},"excerpt":{"rendered":"<p>Les arbres et arbustes \u00e0 fleurs et \u00e0 fruits ont besoin d\u2019une nutrition d\u2019une pr\u00e9cision extr\u00eame pour offrir des fruits riches et parfum\u00e9s. Fred T. Lizer leur apporte bien plus qu\u2019un simple engrais : une alimentation min\u00e9rale exacte, \u00e9quilibr\u00e9e et imm\u00e9diatement assimilable, combin\u00e9e \u00e0 une richesse biologique qui r\u00e9g\u00e9n\u00e8re le sol. R\u00e9sultat : des arbres vigoureux, un feuillage \u00e9clatant et des r\u00e9coltes savoureuses, naturellement.<\/p>\n<p><span style=\"color: #08a300;\"><strong>SUPPL\u00c9MENTS HAUTE-PERFORMANCE SUGG\u00c9R\u00c9S :<\/strong><\/span><\/p>\n","protected":false},"featured_media":15961,"template":"","meta":[],"product_brand":[],"product_cat":[1799,1515],"product_tag":[],"class_list":{"0":"post-19797","1":"product","2":"type-product","3":"status-publish","4":"has-post-thumbnail","6":"product_cat-arbres-et-arbustes-a-fleurs-et-a-fruits","7":"product_cat-culture-en-terre","8":"product_shipping_class-transport","10":"first","11":"instock","12":"taxable","13":"shipping-taxable","14":"purchasable","15":"product-type-yith_bundle"},"_links":{"self":[{"href":"https:\/\/fredtlizer.com\/sept25\/wp-json\/wp\/v2\/product\/19797","targetHints":{"allow":["GET"]}}],"collection":[{"href":"https:\/\/fredtlizer.com\/sept25\/wp-json\/wp\/v2\/product"}],"about":[{"href":"https:\/\/fredtlizer.com\/sept25\/wp-json\/wp\/v2\/types\/product"}],"version-history":[{"count":1,"href":"https:\/\/fredtlizer.com\/sept25\/wp-json\/wp\/v2\/product\/19797\/revisions"}],"predecessor-version":[{"id":19798,"href":"https:\/\/fredtlizer.com\/sept25\/wp-json\/wp\/v2\/product\/19797\/revisions\/19798"}],"wp:featuredmedia":[{"embeddable":true,"href":"https:\/\/fredtlizer.com\/sept25\/wp-json\/wp\/v2\/media\/15961"}],"wp:attachment":[{"href":"https:\/\/fredtlizer.com\/sept25\/wp-json\/wp\/v2\/media?parent=19797"}],"wp:term":[{"taxonomy":"product_brand","embeddable":true,"href":"https:\/\/fredtlizer.com\/sept25\/wp-json\/wp\/v2\/product_brand?post=19797"},{"taxonomy":"product_cat","embeddable":true,"href":"https:\/\/fredtlizer.com\/sept25\/wp-json\/wp\/v2\/product_cat?post=19797"},{"taxonomy":"product_tag","embeddable":true,"href":"https:\/\/fredtlizer.com\/sept25\/wp-json\/wp\/v2\/product_tag?post=19797"}],"curies":[{"name":"wp","href":"https:\/\/api.w.org\/{rel}","templated":true}]}}