{"id":19801,"date":"2025-12-26T22:52:31","date_gmt":"2025-12-27T03:52:31","guid":{"rendered":"https:\/\/fredtlizer.com\/sept25\/?post_type=product&#038;p=19801"},"modified":"2025-12-27T11:20:35","modified_gmt":"2025-12-27T16:20:35","slug":"kit-dengrais-pour-cactus-30-ml","status":"publish","type":"product","link":"https:\/\/fredtlizer.com\/sept25\/produit\/kit-dengrais-pour-cactus-30-ml\/","title":{"rendered":"Kit d&rsquo;engrais pour cactus 30 ml"},"content":{"rendered":"<p style=\"text-align: left;\">Un kit 30ml donne environ 15 ml de solution nutritive<\/p>\n<p style=\"text-align: left;\"><strong>Peut \u00eatre utilis\u00e9 pour :<\/strong> Astrophytum (Astrophytum spp.), Cereus (Cereus spp.), Copiapoa (Copiapoa spp.), Crassula (Crassula spp.), Echinocactus (Echinocactus spp.), Echinopsis (Echinopsis spp.), Eriosyce (Eriosyce spp.), Ferocactus (Ferocactus spp.), Gymnocalycium (Gymnocalycium spp.), Hatiora \/ Rhipsalidopsis (Hatiora spp.), Mammillaria (Mammillaria spp.), Melocactus (Melocactus spp.), Notocactus (Notocactus spp.), Opuntia (Opuntia spp.), Parodia (Parodia spp.), Pachycereus (Pachycereus spp.), Rebutia (Rebutia spp.), Schlumbergera \/ Cactus de No\u00ebl (Schlumbergera spp.), Stenocactus (Stenocactus spp.), Thelocactus (Thelocactus spp.), Trichocereus (Trichocereus spp.), Turbinicarpus (Turbinicarpus spp.),<\/p>\n","protected":false},"excerpt":{"rendered":"<p>Les cactus ont un syst\u00e8me racinaire fragile et une croissance lente, ce qui les rend sensibles aux carences et au stress. Avec Fred T. Lizer, chaque plante re\u00e7oit des min\u00e9raux parfaitement dos\u00e9s et une richesse biologique qui nourrit le substrat, stimule l\u2019enracinement et renforce la r\u00e9sistance naturelle de la plante. R\u00e9sultat : des cactus et succulentes sains, vigoureux et durables, qui se d\u00e9veloppent pleinement tout en conservant leur beaut\u00e9 et leur vitalit\u00e9.<\/p>\n<p><span style=\"color: #08a300;\"><strong>SUPPL\u00c9MENTS HAUTE-PERFORMANCE SUGG\u00c9R\u00c9S :<\/strong><\/span><\/p>\n","protected":false},"featured_media":17012,"template":"","meta":[],"product_brand":[],"product_cat":[1802,1515],"product_tag":[],"class_list":{"0":"post-19801","1":"product","2":"type-product","3":"status-publish","4":"has-post-thumbnail","6":"product_cat-cactus","7":"product_cat-culture-en-terre","8":"product_shipping_class-transport","10":"first","11":"instock","12":"taxable","13":"shipping-taxable","14":"purchasable","15":"product-type-yith_bundle"},"_links":{"self":[{"href":"https:\/\/fredtlizer.com\/sept25\/wp-json\/wp\/v2\/product\/19801","targetHints":{"allow":["GET"]}}],"collection":[{"href":"https:\/\/fredtlizer.com\/sept25\/wp-json\/wp\/v2\/product"}],"about":[{"href":"https:\/\/fredtlizer.com\/sept25\/wp-json\/wp\/v2\/types\/product"}],"version-history":[{"count":3,"href":"https:\/\/fredtlizer.com\/sept25\/wp-json\/wp\/v2\/product\/19801\/revisions"}],"predecessor-version":[{"id":19825,"href":"https:\/\/fredtlizer.com\/sept25\/wp-json\/wp\/v2\/product\/19801\/revisions\/19825"}],"wp:featuredmedia":[{"embeddable":true,"href":"https:\/\/fredtlizer.com\/sept25\/wp-json\/wp\/v2\/media\/17012"}],"wp:attachment":[{"href":"https:\/\/fredtlizer.com\/sept25\/wp-json\/wp\/v2\/media?parent=19801"}],"wp:term":[{"taxonomy":"product_brand","embeddable":true,"href":"https:\/\/fredtlizer.com\/sept25\/wp-json\/wp\/v2\/product_brand?post=19801"},{"taxonomy":"product_cat","embeddable":true,"href":"https:\/\/fredtlizer.com\/sept25\/wp-json\/wp\/v2\/product_cat?post=19801"},{"taxonomy":"product_tag","embeddable":true,"href":"https:\/\/fredtlizer.com\/sept25\/wp-json\/wp\/v2\/product_tag?post=19801"}],"curies":[{"name":"wp","href":"https:\/\/api.w.org\/{rel}","templated":true}]}}