{"id":19817,"date":"2025-12-26T23:14:46","date_gmt":"2025-12-27T04:14:46","guid":{"rendered":"https:\/\/fredtlizer.com\/sept25\/?post_type=product&#038;p=19817"},"modified":"2025-12-27T11:22:46","modified_gmt":"2025-12-27T16:22:46","slug":"kit-dengrais-pour-plantes-grasses-250-ml","status":"publish","type":"product","link":"https:\/\/fredtlizer.com\/sept25\/produit\/kit-dengrais-pour-plantes-grasses-250-ml\/","title":{"rendered":"Kit d&rsquo;engrais pour plantes grasses 250 ml"},"content":{"rendered":"<p style=\"text-align: left;\">Un kit 30ml donne environ 15 ml de solution nutritive<\/p>\n<p style=\"text-align: left;\"><strong>Peut \u00eatre utilis\u00e9 pour :<\/strong> Aeonium (Aeonium spp.), Crassula (Crassula spp.), Echeveria (Echeveria spp.), Graptopetalum (Graptopetalum spp.), Haworthia (Haworthia spp.), Kalanchoe (Kalanchoe spp.), Pachyphytum (Pachyphytum spp.), Sedum (Sedum spp.), Sempervivum \/ Joubarbe (Sempervivum spp.), Senecio \/ Crassula colonnaire (Senecio spp.), Dudleya (Dudleya spp.), Agave (Agave spp.)<\/p>\n","protected":false},"excerpt":{"rendered":"<p>Les plantes grasses ont un syst\u00e8me racinaire fragile et une croissance lente, ce qui les rend sensibles aux carences et au stress. Avec Fred T. Lizer, chaque plante re\u00e7oit des min\u00e9raux parfaitement dos\u00e9s et une richesse biologique qui nourrit le substrat, stimule l\u2019enracinement et renforce la r\u00e9sistance naturelle de la plante. R\u00e9sultat : des plantes grasse et succulentes sains, vigoureux et durables, qui se d\u00e9veloppent pleinement tout en conservant leur beaut\u00e9 et leur vitalit\u00e9.<\/p>\n<p><span style=\"color: #08a300;\"><strong>SUPPL\u00c9MENTS HAUTE-PERFORMANCE SUGG\u00c9R\u00c9S :<\/strong><\/span><\/p>\n","protected":false},"featured_media":15964,"template":"","meta":[],"product_brand":[],"product_cat":[1515,1819],"product_tag":[],"class_list":{"0":"post-19817","1":"product","2":"type-product","3":"status-publish","4":"has-post-thumbnail","6":"product_cat-culture-en-terre","7":"product_cat-plantes-grasses","8":"product_shipping_class-transport","10":"first","11":"instock","12":"taxable","13":"shipping-taxable","14":"purchasable","15":"product-type-yith_bundle"},"_links":{"self":[{"href":"https:\/\/fredtlizer.com\/sept25\/wp-json\/wp\/v2\/product\/19817","targetHints":{"allow":["GET"]}}],"collection":[{"href":"https:\/\/fredtlizer.com\/sept25\/wp-json\/wp\/v2\/product"}],"about":[{"href":"https:\/\/fredtlizer.com\/sept25\/wp-json\/wp\/v2\/types\/product"}],"version-history":[{"count":2,"href":"https:\/\/fredtlizer.com\/sept25\/wp-json\/wp\/v2\/product\/19817\/revisions"}],"predecessor-version":[{"id":19830,"href":"https:\/\/fredtlizer.com\/sept25\/wp-json\/wp\/v2\/product\/19817\/revisions\/19830"}],"wp:featuredmedia":[{"embeddable":true,"href":"https:\/\/fredtlizer.com\/sept25\/wp-json\/wp\/v2\/media\/15964"}],"wp:attachment":[{"href":"https:\/\/fredtlizer.com\/sept25\/wp-json\/wp\/v2\/media?parent=19817"}],"wp:term":[{"taxonomy":"product_brand","embeddable":true,"href":"https:\/\/fredtlizer.com\/sept25\/wp-json\/wp\/v2\/product_brand?post=19817"},{"taxonomy":"product_cat","embeddable":true,"href":"https:\/\/fredtlizer.com\/sept25\/wp-json\/wp\/v2\/product_cat?post=19817"},{"taxonomy":"product_tag","embeddable":true,"href":"https:\/\/fredtlizer.com\/sept25\/wp-json\/wp\/v2\/product_tag?post=19817"}],"curies":[{"name":"wp","href":"https:\/\/api.w.org\/{rel}","templated":true}]}}