{"id":19840,"date":"2025-12-27T11:42:54","date_gmt":"2025-12-27T16:42:54","guid":{"rendered":"https:\/\/fredtlizer.com\/sept25\/?post_type=product&#038;p=19840"},"modified":"2025-12-27T11:44:55","modified_gmt":"2025-12-27T16:44:55","slug":"kit-dengrais-pour-cannabis-1-litre","status":"publish","type":"product","link":"https:\/\/fredtlizer.com\/sept25\/produit\/kit-dengrais-pour-cannabis-1-litre\/","title":{"rendered":"Kit d&rsquo;engrais pour cannabis 1 litre"},"content":{"rendered":"<p style=\"text-align: left;\">Un kit 30ml donne environ 15 ml de solution nutritive<\/p>\n<p style=\"text-align: left;\"><strong>Peut \u00eatre utilis\u00e9 pour :<\/strong> (Cannabis sativa), (Cannabis indica), (Cannabis ruderalis), (Cannabis sativa &lsquo;Amnesia Haze&rsquo;), (Cannabis sativa &lsquo;Blue Dream&rsquo;), (Cannabis indica &lsquo;Northern Lights&rsquo;), (Cannabis indica &lsquo;Granddaddy Purple&rsquo;), (Cannabis sativa &lsquo;Sour Diesel&rsquo;), (Cannabis sativa &lsquo;Jack Herer&rsquo;), (Cannabis indica &lsquo;OG Kush&rsquo;), (Cannabis sativa &lsquo;Super Lemon Haze&rsquo;), (Cannabis sativa &lsquo;Green Crack&rsquo;), (Cannabis indica &lsquo;White Widow&rsquo;), (Cannabis sativa &lsquo;Amnesia&rsquo;), (Cannabis sativa &lsquo;Hawaiian&rsquo;), (Cannabis sativa &lsquo;Maui Wowie&rsquo;), (Cannabis indica &lsquo;Bubba Kush&rsquo;), (Cannabis sativa &lsquo;AK-47&rsquo;), (Cannabis indica &lsquo;Purple Kush&rsquo;), (Cannabis sativa &lsquo;Tangie&rsquo;), (Cannabis sativa &lsquo;Critical&rsquo;), (Cannabis sativa &lsquo;Cookies Gelato&rsquo;), (Cannabis sativa &lsquo;Titan F1&rsquo;), (Cannabis sativa &lsquo;Green Gelato&rsquo;), (Cannabis sativa &lsquo;Sticky Orange XXL&rsquo;), (Cannabis sativa &lsquo;Purple Bud&rsquo;), (Cannabis sativa &lsquo;Skunk #1&rsquo;), (Cannabis sativa &lsquo;Purple Skunk&rsquo;), (Cannabis sativa &lsquo;Super Skunk&rsquo;), (Cannabis sativa &lsquo;Big Bud&rsquo;), (Cannabis sativa &lsquo;Colombian Gold&rsquo;), (Cannabis sativa &lsquo;Mexican Sativa&rsquo;), (Cannabis sativa &lsquo;Brazilian Landrace&rsquo;), (Cannabis sativa &lsquo;Jamaican Lamb&rsquo;s Bread&rsquo;), (Cannabis sativa &lsquo;Desfr\u00e1n&rsquo;), (Cannabis sativa &lsquo;Finola&rsquo;), (Cannabis sativa &lsquo;Auto AK-47&rsquo;), (Cannabis sativa &lsquo;Auto Amnesia&rsquo;), (Cannabis sativa &lsquo;Auto Blueberry&rsquo;), (Cannabis sativa &lsquo;Auto Critical&rsquo;), (Cannabis sativa &lsquo;Auto Jack Herer&rsquo;), (Cannabis sativa &lsquo;Auto Northern Lights&rsquo;), (Cannabis sativa &lsquo;Auto OG Kush&rsquo;), (Cannabis sativa &lsquo;Auto Sour Diesel&rsquo;), (Cannabis sativa &lsquo;Auto White Widow&rsquo;), (Cannabis sativa &lsquo;Auto Green Crack&rsquo;), (Cannabis sativa &lsquo;Auto Super Lemon Haze&rsquo;), (Cannabis sativa &lsquo;Auto Maui Wowie&rsquo;), (Cannabis sativa &lsquo;Auto Bubba Kush&rsquo;), (Cannabis sativa &lsquo;Auto Purple Kush&rsquo;), (Cannabis sativa &lsquo;Auto Tangie&rsquo;), (Cannabis sativa &lsquo;Auto Cookies Gelato&rsquo;), (Cannabis sativa &lsquo;Auto Titan F1&rsquo;), (Cannabis sativa &lsquo;Auto Green Gelato&rsquo;), (Cannabis sativa &lsquo;Auto Sticky Orange XXL&rsquo;), (Cannabis sativa &lsquo;Auto Purple Bud&rsquo;), (Cannabis sativa &lsquo;Auto Skunk #1&rsquo;), (Cannabis sativa &lsquo;Auto Purple Skunk&rsquo;), (Cannabis sativa &lsquo;Auto Super Skunk&rsquo;), (Cannabis sativa &lsquo;Auto Big Bud&rsquo;).<\/p>\n","protected":false},"excerpt":{"rendered":"<p style=\"text-align: left;\">Le cannabis n\u00e9cessite un apport complet et \u00e9quilibr\u00e9 pour exprimer pleinement son potentiel, que ce soit en croissance ou en floraison. Avec Fred T. Lizer, chaque plante b\u00e9n\u00e9ficie d\u2019un dosage exact d\u2019\u00e9l\u00e9ments essentiels et d\u2019une richesse biologique qui stimule la vigueur, renforce la r\u00e9sistance aux stress et optimise la production de fleurs et de trichomes. Formul\u00e9 pour minimiser au maximum les m\u00e9taux lourds et sans ingr\u00e9dients canc\u00e9rig\u00e8nes, nos produits respectent les normes de Sant\u00e9 Canada et des \u00c9tats-Unis et sont utilis\u00e9s par des producteurs professionnels pour des cultures fiables et performantes.<\/p>\n<p style=\"text-align: left;\">R\u00e9sultat : des plantes robustes, des rendements \u00e9lev\u00e9s et des r\u00e9coltes aromatiques et riches, pour une culture ma\u00eetris\u00e9e et de qualit\u00e9 professionnelle<\/p>\n<p><span style=\"color: #08a300;\"><strong>SUPPL\u00c9MENTS HAUTE-PERFORMANCE SUGG\u00c9R\u00c9S :<\/strong><\/span><\/p>\n","protected":false},"featured_media":15960,"template":"","meta":[],"product_brand":[],"product_cat":[1803,1515],"product_tag":[],"class_list":{"0":"post-19840","1":"product","2":"type-product","3":"status-publish","4":"has-post-thumbnail","6":"product_cat-cannabis","7":"product_cat-culture-en-terre","8":"product_shipping_class-transport","10":"first","11":"instock","12":"taxable","13":"shipping-taxable","14":"purchasable","15":"product-type-yith_bundle"},"_links":{"self":[{"href":"https:\/\/fredtlizer.com\/sept25\/wp-json\/wp\/v2\/product\/19840","targetHints":{"allow":["GET"]}}],"collection":[{"href":"https:\/\/fredtlizer.com\/sept25\/wp-json\/wp\/v2\/product"}],"about":[{"href":"https:\/\/fredtlizer.com\/sept25\/wp-json\/wp\/v2\/types\/product"}],"version-history":[{"count":1,"href":"https:\/\/fredtlizer.com\/sept25\/wp-json\/wp\/v2\/product\/19840\/revisions"}],"predecessor-version":[{"id":19841,"href":"https:\/\/fredtlizer.com\/sept25\/wp-json\/wp\/v2\/product\/19840\/revisions\/19841"}],"wp:featuredmedia":[{"embeddable":true,"href":"https:\/\/fredtlizer.com\/sept25\/wp-json\/wp\/v2\/media\/15960"}],"wp:attachment":[{"href":"https:\/\/fredtlizer.com\/sept25\/wp-json\/wp\/v2\/media?parent=19840"}],"wp:term":[{"taxonomy":"product_brand","embeddable":true,"href":"https:\/\/fredtlizer.com\/sept25\/wp-json\/wp\/v2\/product_brand?post=19840"},{"taxonomy":"product_cat","embeddable":true,"href":"https:\/\/fredtlizer.com\/sept25\/wp-json\/wp\/v2\/product_cat?post=19840"},{"taxonomy":"product_tag","embeddable":true,"href":"https:\/\/fredtlizer.com\/sept25\/wp-json\/wp\/v2\/product_tag?post=19840"}],"curies":[{"name":"wp","href":"https:\/\/api.w.org\/{rel}","templated":true}]}}