{"id":19848,"date":"2025-12-27T13:35:07","date_gmt":"2025-12-27T18:35:07","guid":{"rendered":"https:\/\/fredtlizer.com\/sept25\/?post_type=product&#038;p=19848"},"modified":"2025-12-28T06:50:46","modified_gmt":"2025-12-28T11:50:46","slug":"kit-dengrais-pour-petis-fruits-30-ml","status":"publish","type":"product","link":"https:\/\/fredtlizer.com\/sept25\/produit\/kit-dengrais-pour-petis-fruits-30-ml\/","title":{"rendered":"Kit d&rsquo;engrais pour petis fruits 30 ml"},"content":{"rendered":"<p style=\"text-align: left;\">Un kit 30ml donne environ 15 ml de solution nutritive<\/p>\n<p style=\"text-align: left;\"><strong>Peut \u00eatre utilis\u00e9 pour :<\/strong> Bluet, Concombre, Courge, Courgette, Fraise. Framboise, Groseille, Myrtille, M\u00fbre, Past\u00e8que et Potiron<\/p>\n","protected":false},"excerpt":{"rendered":"<p>Les plantes \u00e0 fruits demandent une nutrition pr\u00e9cise pour produire des r\u00e9coltes abondantes et savoureuses tout en restant vigoureuses. Avec Fred T. Lizer, chaque plante re\u00e7oit des min\u00e9raux parfaitement dos\u00e9s et une richesse biologique qui stimule la croissance, renforce la r\u00e9sistance aux maladies et aux ravageurs, tout en respectant la sant\u00e9 des pollinisateurs et la qualit\u00e9 des fruits. \u202fFormul\u00e9s pour minimiser au maximum les m\u00e9taux lourds et sans ingr\u00e9dients canc\u00e9rig\u00e8nes, nos produits favorisent des r\u00e9coltes g\u00e9n\u00e9reuses, riches en go\u00fbt et en ar\u00f4mes.<\/p>\n<p>R\u00e9sultat : des plantes saines, des fruits intenses et des rendements optimis\u00e9s, pour des r\u00e9coltes fiables et durables.<\/p>\n<p><span style=\"color: #08a300;\"><strong>SUPPL\u00c9MENTS HAUTE-PERFORMANCE SUGG\u00c9R\u00c9S :<\/strong><\/span><\/p>\n","protected":false},"featured_media":17012,"template":"","meta":[],"product_brand":[],"product_cat":[1515,1804],"product_tag":[],"class_list":{"0":"post-19848","1":"product","2":"type-product","3":"status-publish","4":"has-post-thumbnail","6":"product_cat-culture-en-terre","7":"product_cat-petis-fruits","8":"product_shipping_class-transport","10":"first","11":"instock","12":"taxable","13":"shipping-taxable","14":"purchasable","15":"product-type-yith_bundle"},"_links":{"self":[{"href":"https:\/\/fredtlizer.com\/sept25\/wp-json\/wp\/v2\/product\/19848","targetHints":{"allow":["GET"]}}],"collection":[{"href":"https:\/\/fredtlizer.com\/sept25\/wp-json\/wp\/v2\/product"}],"about":[{"href":"https:\/\/fredtlizer.com\/sept25\/wp-json\/wp\/v2\/types\/product"}],"version-history":[{"count":2,"href":"https:\/\/fredtlizer.com\/sept25\/wp-json\/wp\/v2\/product\/19848\/revisions"}],"predecessor-version":[{"id":19852,"href":"https:\/\/fredtlizer.com\/sept25\/wp-json\/wp\/v2\/product\/19848\/revisions\/19852"}],"wp:featuredmedia":[{"embeddable":true,"href":"https:\/\/fredtlizer.com\/sept25\/wp-json\/wp\/v2\/media\/17012"}],"wp:attachment":[{"href":"https:\/\/fredtlizer.com\/sept25\/wp-json\/wp\/v2\/media?parent=19848"}],"wp:term":[{"taxonomy":"product_brand","embeddable":true,"href":"https:\/\/fredtlizer.com\/sept25\/wp-json\/wp\/v2\/product_brand?post=19848"},{"taxonomy":"product_cat","embeddable":true,"href":"https:\/\/fredtlizer.com\/sept25\/wp-json\/wp\/v2\/product_cat?post=19848"},{"taxonomy":"product_tag","embeddable":true,"href":"https:\/\/fredtlizer.com\/sept25\/wp-json\/wp\/v2\/product_tag?post=19848"}],"curies":[{"name":"wp","href":"https:\/\/api.w.org\/{rel}","templated":true}]}}