{"id":19888,"date":"2025-12-28T12:26:25","date_gmt":"2025-12-28T17:26:25","guid":{"rendered":"https:\/\/fredtlizer.com\/sept25\/?post_type=product&#038;p=19888"},"modified":"2025-12-28T12:44:41","modified_gmt":"2025-12-28T17:44:41","slug":"kit-dengrais-pour-fines-herbes-30-ml","status":"publish","type":"product","link":"https:\/\/fredtlizer.com\/sept25\/produit\/kit-dengrais-pour-fines-herbes-30-ml\/","title":{"rendered":"Kit d&rsquo;engrais pour fines herbes 30 ml"},"content":{"rendered":"<p style=\"text-align: left;\">Un kit 30ml donne environ 15 ml de solution nutritive<\/p>\n<p style=\"text-align: left;\"><strong>Peut \u00eatre utilis\u00e9 pour :<\/strong> Basilic, menthe, persil, coriandre, thym, romarin et ciboulette.<\/p>\n","protected":false},"excerpt":{"rendered":"<p>M\u00eame si elles prosp\u00e8rent dans des sols modestes, les fines herbes gagnent \u00e0 recevoir une nutrition l\u00e9g\u00e8re et \u00e9quilibr\u00e9e pour exprimer tout leur ar\u00f4me et leur vigueur. Avec Fred T. Lizer, elles b\u00e9n\u00e9ficient de min\u00e9raux parfaitement dos\u00e9s et d\u2019une richesse biologique qui enrichit le substrat, stimule la croissance et renforce leur r\u00e9sistance aux maladies et aux ravageurs. Que vos herbes soient cultiv\u00e9es en pots, jardini\u00e8res, pleine terre, substrat ou hydroponie, elles prosp\u00e8rent pleinement.<\/p>\n<p>R\u00e9sultat : des plants aromatiques, savoureux et performants, offrant des r\u00e9coltes abondantes et durables.<\/p>\n<p><span style=\"color: #08a300;\"><strong>SUPPL\u00c9MENTS HAUTE-PERFORMANCE SUGG\u00c9R\u00c9S :<\/strong><\/span><\/p>\n","protected":false},"featured_media":16090,"template":"","meta":[],"product_brand":[],"product_cat":[1515,1806],"product_tag":[],"class_list":{"0":"post-19888","1":"product","2":"type-product","3":"status-publish","4":"has-post-thumbnail","6":"product_cat-culture-en-terre","7":"product_cat-fines-herbes","8":"product_shipping_class-transport","10":"first","11":"instock","12":"taxable","13":"shipping-taxable","14":"purchasable","15":"product-type-yith_bundle"},"_links":{"self":[{"href":"https:\/\/fredtlizer.com\/sept25\/wp-json\/wp\/v2\/product\/19888","targetHints":{"allow":["GET"]}}],"collection":[{"href":"https:\/\/fredtlizer.com\/sept25\/wp-json\/wp\/v2\/product"}],"about":[{"href":"https:\/\/fredtlizer.com\/sept25\/wp-json\/wp\/v2\/types\/product"}],"version-history":[{"count":3,"href":"https:\/\/fredtlizer.com\/sept25\/wp-json\/wp\/v2\/product\/19888\/revisions"}],"predecessor-version":[{"id":19893,"href":"https:\/\/fredtlizer.com\/sept25\/wp-json\/wp\/v2\/product\/19888\/revisions\/19893"}],"wp:featuredmedia":[{"embeddable":true,"href":"https:\/\/fredtlizer.com\/sept25\/wp-json\/wp\/v2\/media\/16090"}],"wp:attachment":[{"href":"https:\/\/fredtlizer.com\/sept25\/wp-json\/wp\/v2\/media?parent=19888"}],"wp:term":[{"taxonomy":"product_brand","embeddable":true,"href":"https:\/\/fredtlizer.com\/sept25\/wp-json\/wp\/v2\/product_brand?post=19888"},{"taxonomy":"product_cat","embeddable":true,"href":"https:\/\/fredtlizer.com\/sept25\/wp-json\/wp\/v2\/product_cat?post=19888"},{"taxonomy":"product_tag","embeddable":true,"href":"https:\/\/fredtlizer.com\/sept25\/wp-json\/wp\/v2\/product_tag?post=19888"}],"curies":[{"name":"wp","href":"https:\/\/api.w.org\/{rel}","templated":true}]}}