{"id":19902,"date":"2025-12-28T14:18:07","date_gmt":"2025-12-28T19:18:07","guid":{"rendered":"https:\/\/fredtlizer.com\/sept25\/?post_type=product&#038;p=19902"},"modified":"2025-12-28T14:27:38","modified_gmt":"2025-12-28T19:27:38","slug":"kit-dengrais-pour-legume-et-potager-30-ml","status":"publish","type":"product","link":"https:\/\/fredtlizer.com\/sept25\/produit\/kit-dengrais-pour-legume-et-potager-30-ml\/","title":{"rendered":"Kit d&rsquo;engrais pour l\u00e9gume et potager 30 ml"},"content":{"rendered":"<p style=\"text-align: left;\">Un kit 30ml donne environ 15 ml de solution nutritive<\/p>\n<p style=\"text-align: left;\"><strong>Peut \u00eatre utilis\u00e9 pour :<\/strong> Betterave (Beta vulgaris), Carotte (Daucus carota), C\u00e9leri-rave (Apium graveolens var. rapaceum), Crosne du Japon (Stachys affinis), Liv\u00e8che officinale (Levisticum officinale), Navet (Brassica rapa subsp. rapa), Panais (Pastinaca sativa),Radis (Raphanus sativus), Rutabaga \/ Chou-navet (Brassica napus var. napobrassica), Salsifis (Tragopogon porrifolius), Scorson\u00e8re \/ Salsifis noir (Scorzonera hispanica), Topinambour (Helianthus tuberosus)<\/p>\n","protected":false},"excerpt":{"rendered":"<p>Pour un potager productif et des l\u00e9gumes savoureux, chaque plante a besoin d\u2019une nutrition pr\u00e9cise et d\u2019un sol vivant. Avec Fred T. Lizer, vos cultures re\u00e7oivent des min\u00e9raux parfaitement dos\u00e9s et une richesse biologique qui stimule la croissance, renforce la sant\u00e9 des racines et aide les plantes \u00e0 se d\u00e9fendre naturellement contre maladies et ravageurs. Sans m\u00e9taux lourds ni ingr\u00e9dients canc\u00e9rig\u00e8nes, nos produits offrent une option s\u00fbre et efficace pour d\u00e9velopper de vraies saveurs, authentiques et intenses.<\/p>\n<p>R\u00e9sultat : des l\u00e9gumes g\u00e9n\u00e9reux, go\u00fbteux et r\u00e9sistants, pour un potager florissant et durable.<\/p>\n<p><span style=\"color: #08a300;\"><strong>SUPPL\u00c9MENTS HAUTE-PERFORMANCE SUGG\u00c9R\u00c9S :<\/strong><\/span><\/p>\n","protected":false},"featured_media":15987,"template":"","meta":[],"product_brand":[],"product_cat":[1515,1807],"product_tag":[],"class_list":{"0":"post-19902","1":"product","2":"type-product","3":"status-publish","4":"has-post-thumbnail","6":"product_cat-culture-en-terre","7":"product_cat-legumes-et-potager","8":"product_shipping_class-transport","10":"first","11":"instock","12":"taxable","13":"shipping-taxable","14":"purchasable","15":"product-type-yith_bundle"},"_links":{"self":[{"href":"https:\/\/fredtlizer.com\/sept25\/wp-json\/wp\/v2\/product\/19902","targetHints":{"allow":["GET"]}}],"collection":[{"href":"https:\/\/fredtlizer.com\/sept25\/wp-json\/wp\/v2\/product"}],"about":[{"href":"https:\/\/fredtlizer.com\/sept25\/wp-json\/wp\/v2\/types\/product"}],"version-history":[{"count":1,"href":"https:\/\/fredtlizer.com\/sept25\/wp-json\/wp\/v2\/product\/19902\/revisions"}],"predecessor-version":[{"id":19904,"href":"https:\/\/fredtlizer.com\/sept25\/wp-json\/wp\/v2\/product\/19902\/revisions\/19904"}],"wp:featuredmedia":[{"embeddable":true,"href":"https:\/\/fredtlizer.com\/sept25\/wp-json\/wp\/v2\/media\/15987"}],"wp:attachment":[{"href":"https:\/\/fredtlizer.com\/sept25\/wp-json\/wp\/v2\/media?parent=19902"}],"wp:term":[{"taxonomy":"product_brand","embeddable":true,"href":"https:\/\/fredtlizer.com\/sept25\/wp-json\/wp\/v2\/product_brand?post=19902"},{"taxonomy":"product_cat","embeddable":true,"href":"https:\/\/fredtlizer.com\/sept25\/wp-json\/wp\/v2\/product_cat?post=19902"},{"taxonomy":"product_tag","embeddable":true,"href":"https:\/\/fredtlizer.com\/sept25\/wp-json\/wp\/v2\/product_tag?post=19902"}],"curies":[{"name":"wp","href":"https:\/\/api.w.org\/{rel}","templated":true}]}}