{"id":19913,"date":"2025-12-28T14:39:37","date_gmt":"2025-12-28T19:39:37","guid":{"rendered":"https:\/\/fredtlizer.com\/sept25\/?post_type=product&#038;p=19913"},"modified":"2025-12-28T14:45:47","modified_gmt":"2025-12-28T19:45:47","slug":"kit-dengrais-pour-orchidee-30-ml","status":"publish","type":"product","link":"https:\/\/fredtlizer.com\/sept25\/produit\/kit-dengrais-pour-orchidee-30-ml\/","title":{"rendered":"Kit d&rsquo;engrais pour orchid\u00e9e 30 ml"},"content":{"rendered":"<p style=\"text-align: left;\">Un kit 30ml donne environ 15 ml de solution nutritive<\/p>\n<p style=\"text-align: left;\"><strong>Peut \u00eatre utilis\u00e9 pour :<\/strong> Angraecum (Angraecum spp.), Anacamptis morio (Anacamptis morio), Ascocentrum (Ascocentrum spp.), Bulbophyllum (Bulbophyllum spp.), Cattleya (Cattleya spp.), Cephalanthera d&rsquo;Austin (Cephalanthera austiniae), Cleistesiopsis (Cleistesiopsis spp.), Coelogyne (Coelogyne spp.), Cymbidium (Cymbidium spp.), Dactylorhiza aristata (Dactylorhiza aristata), Dactylorhiza elata (Dactylorhiza elata), Dactylorhiza maculata (Dactylorhiza maculata), Dactylorhiza viridis (Dactylorhiza viridis), Dendrobium (Dendrobium spp.), Dendrochilum (Dendrochilum spp.), Epipactis helleborine (Epipactis helleborine), Epidendrum (Epidendrum spp.), Galearis spectabilis (Galearis spectabilis),Gongora (Gongora spp.), Goodyera oblongifolia (Goodyera oblongifolia), Goodyera repens (Goodyera repens), Gymnadenia conopsea (Gymnadenia conopsea),Gymnadenia odoratissima (Gymnadenia odoratissima), Habenaria albida (Habenaria albida), Habenaria orbiculata (Habenaria orbiculata), Hexalectris spicata (Hexalectris spicata), Isotria medeoloides (Isotria medeoloides), Isotria verticillata (Isotria verticillata), Lepanthes (Lepanthes spp.), Liparis loeselii (Liparis loeselii), Malaxis unifolia (Malaxis unifolia), Malaxis monophyllos (Malaxis monophyllos), Masdevallia (Masdevallia spp.), Miltonia (Miltonia spp.), Neottia auriculata (Neottia auriculata), Neottia convallarioides (Neottia convallarioides), Oncidium (Oncidium spp.), Ophrys insectifera (Ophrys insectifera), Ophrys scolopax (Ophrys scolopax), Orchis morio (Orchis morio), Orchis maculata (Orchis maculata), Orchis militaris (Orchis militaris), Orchis rotundifolia (Orchis rotundifolia), Orchis muscifera (Orchis muscifera), Orchis acuminata (Orchis acuminata), Orchis tenoreana (Orchis tenoreana), Orchis danguyana (Orchis danguyana), Orchis ericetorum (Orchis ericetorum), Orchis solida (Orchis solida), Orchis comosa (Orchis comosa), Orchis tetragona (Orchis tetragona), Orchis macedonica (Orchis macedonica), Orchis biermannii (Orchis biermannii), Orchis nemorosa (Orchis nemorosa), Orchis calvelli (Orchis calvelli), Orchis transsilvanica (Orchis transsilvanica), Orchis candidissima (Orchis candidissima), Orchis ochrantha (Orchis ochrantha), Paphiopedilum (Paphiopedilum spp.), Peristeria elata (Peristeria elata), Phalaenopsis (Phalaenopsis spp.), Platanthera (Platanthera spp.), Phragmipedium (Phragmipedium spp.), Spiranthes gracilis (Spiranthes gracilis), Spiranthes lucida (Spiranthes lucida), Spiranthes romanzoffiana (Spiranthes romanzoffiana), Stanhopea (Stanhopea spp.), Trichopilia (Trichopilia spp.), Vanda (Vanda spp.), Zygopetalum (Zygopetalum spp.)<\/p>\n","protected":false},"excerpt":{"rendered":"<p>Les orchid\u00e9es demandent un soin minutieux : elles poussent dans des substrats l\u00e9gers et a\u00e9r\u00e9s, avec des racines d\u00e9licates qui n\u00e9cessitent un apport adapt\u00e9 pour rester saines et vigoureuses. Avec Fred T. Lizer, chaque orchid\u00e9e b\u00e9n\u00e9ficie d\u2019un \u00e9quilibre d\u2019\u00e9l\u00e9ments essentiels parfaitement dos\u00e9s et d\u2019une richesse biologique qui maintient le substrat actif, favorise la floraison et prot\u00e8ge les racines fragiles, tout en respectant la sant\u00e9 des pollinisateurs.<\/p>\n<p>R\u00e9sultat : des orchid\u00e9es luxuriantes, fleuries avec \u00e9clat et robustes, pour des collections magnifiques et durables que les passionn\u00e9s et professionnels peuvent admirer en toute confiance.<\/p>\n<p><span style=\"color: #08a300;\"><strong>SUPPL\u00c9MENTS HAUTE-PERFORMANCE SUGG\u00c9R\u00c9S :<\/strong><\/span><\/p>\n","protected":false},"featured_media":17012,"template":"","meta":[],"product_brand":[],"product_cat":[1515,1808],"product_tag":[],"class_list":{"0":"post-19913","1":"product","2":"type-product","3":"status-publish","4":"has-post-thumbnail","6":"product_cat-culture-en-terre","7":"product_cat-orchidees","8":"product_shipping_class-transport","10":"first","11":"instock","12":"taxable","13":"shipping-taxable","14":"purchasable","15":"product-type-yith_bundle"},"_links":{"self":[{"href":"https:\/\/fredtlizer.com\/sept25\/wp-json\/wp\/v2\/product\/19913","targetHints":{"allow":["GET"]}}],"collection":[{"href":"https:\/\/fredtlizer.com\/sept25\/wp-json\/wp\/v2\/product"}],"about":[{"href":"https:\/\/fredtlizer.com\/sept25\/wp-json\/wp\/v2\/types\/product"}],"version-history":[{"count":1,"href":"https:\/\/fredtlizer.com\/sept25\/wp-json\/wp\/v2\/product\/19913\/revisions"}],"predecessor-version":[{"id":19916,"href":"https:\/\/fredtlizer.com\/sept25\/wp-json\/wp\/v2\/product\/19913\/revisions\/19916"}],"wp:featuredmedia":[{"embeddable":true,"href":"https:\/\/fredtlizer.com\/sept25\/wp-json\/wp\/v2\/media\/17012"}],"wp:attachment":[{"href":"https:\/\/fredtlizer.com\/sept25\/wp-json\/wp\/v2\/media?parent=19913"}],"wp:term":[{"taxonomy":"product_brand","embeddable":true,"href":"https:\/\/fredtlizer.com\/sept25\/wp-json\/wp\/v2\/product_brand?post=19913"},{"taxonomy":"product_cat","embeddable":true,"href":"https:\/\/fredtlizer.com\/sept25\/wp-json\/wp\/v2\/product_cat?post=19913"},{"taxonomy":"product_tag","embeddable":true,"href":"https:\/\/fredtlizer.com\/sept25\/wp-json\/wp\/v2\/product_tag?post=19913"}],"curies":[{"name":"wp","href":"https:\/\/api.w.org\/{rel}","templated":true}]}}