{"id":19925,"date":"2025-12-28T18:18:19","date_gmt":"2025-12-28T23:18:19","guid":{"rendered":"https:\/\/fredtlizer.com\/sept25\/?post_type=product&#038;p=19925"},"modified":"2025-12-28T18:42:00","modified_gmt":"2025-12-28T23:42:00","slug":"kit-dengrais-pour-piments-et-poivrons-pour-culture-en-terre-30-ml","status":"publish","type":"product","link":"https:\/\/fredtlizer.com\/sept25\/produit\/kit-dengrais-pour-piments-et-poivrons-pour-culture-en-terre-30-ml\/","title":{"rendered":"Kit d&rsquo;engrais pour piment et poivron 30 ml"},"content":{"rendered":"<p style=\"text-align: left;\">Un kit 30ml donne environ 15 ml de solution nutritive<\/p>\n<p style=\"text-align: left;\"><strong>Peut \u00eatre utilis\u00e9 pour :<\/strong> Ancho (Capsicum annuum), Anaheim (Capsicum annuum), Bell \/ Poivron (Capsicum annuum), Bhut Jolokia \/ Ghost (Capsicum chinense), Cayenne (Capsicum annuum), Chiltepin (Capsicum annuum var. glabriusculum), Chipotle (Capsicum annuum), Corno di Toro (Capsicum annuum), Habanero (Capsicum chinense), Habanero orange (Capsicum chinense), Habanero rouge (Capsicum chinense), Jalape\u00f1o (Capsicum annuum), Pimiento (Capsicum annuum), Piment doux (Capsicum annuum), Piment d\u2019Espelette (Capsicum annuum), Piment habanero (Capsicum chinense), Piment Rocoto (Capsicum pubescens), Piment Scotch Bonnet (Capsicum chinense), Piment Serrano (Capsicum annuum), Piment Thai \/ Bird\u2019s eye (Capsicum annuum), Piquillo (Capsicum annuum), Shishito (Capsicum annuum), Sweet Banana (Capsicum annuum), Tepin (Capsicum annuum), Tobasco \/ Tabasco (Capsicum frutescens).<\/p>\n","protected":false},"excerpt":{"rendered":"<p>Pour des piments et poivrons qui se distinguent par leur couleur, leur go\u00fbt, leur croquant et leur piquant, un apport \u00e9quilibr\u00e9 d\u2019\u00e9l\u00e9ments essentiels est crucial. Avec Fred T. Lizer, vos plants b\u00e9n\u00e9ficient d\u2019un dosage min\u00e9ral exact et d\u2019une richesse biologique qui enrichit le substrat, soutient l\u2019enracinement et renforce naturellement leur r\u00e9sistance aux maladies et aux ravageurs. Nos produits favorisent le d\u00e9veloppement optimal des saveurs et des capsicines, pour un piquant parfaitement ma\u00eetris\u00e9 et des fruits aromatiques intenses. Formul\u00e9 pour minimiser au maximum les m\u00e9taux lourds et sans ingr\u00e9dients canc\u00e9rig\u00e8nes, vos cultures restent saines, performantes et s\u00e9curitaires.<\/p>\n<p>Que ce soit en pots, jardini\u00e8res, pleine terre, substrat ou hydroponie, vos plants d\u00e9veloppent tout leur potentiel, offrant des fruits vigoureux, parfum\u00e9s et pr\u00eats \u00e0 sublimer vos recettes.<\/p>\n<p><span style=\"color: #08a300;\"><strong>SUPPL\u00c9MENTS HAUTE-PERFORMANCE SUGG\u00c9R\u00c9S :<\/strong><\/span><\/p>\n","protected":false},"featured_media":17012,"template":"","meta":[],"product_brand":[],"product_cat":[1515,1495],"product_tag":[],"class_list":{"0":"post-19925","1":"product","2":"type-product","3":"status-publish","4":"has-post-thumbnail","6":"product_cat-culture-en-terre","7":"product_cat-piments-et-poivrons","8":"product_shipping_class-transport","10":"first","11":"instock","12":"taxable","13":"shipping-taxable","14":"purchasable","15":"product-type-yith_bundle"},"_links":{"self":[{"href":"https:\/\/fredtlizer.com\/sept25\/wp-json\/wp\/v2\/product\/19925","targetHints":{"allow":["GET"]}}],"collection":[{"href":"https:\/\/fredtlizer.com\/sept25\/wp-json\/wp\/v2\/product"}],"about":[{"href":"https:\/\/fredtlizer.com\/sept25\/wp-json\/wp\/v2\/types\/product"}],"version-history":[{"count":1,"href":"https:\/\/fredtlizer.com\/sept25\/wp-json\/wp\/v2\/product\/19925\/revisions"}],"predecessor-version":[{"id":19927,"href":"https:\/\/fredtlizer.com\/sept25\/wp-json\/wp\/v2\/product\/19925\/revisions\/19927"}],"wp:featuredmedia":[{"embeddable":true,"href":"https:\/\/fredtlizer.com\/sept25\/wp-json\/wp\/v2\/media\/17012"}],"wp:attachment":[{"href":"https:\/\/fredtlizer.com\/sept25\/wp-json\/wp\/v2\/media?parent=19925"}],"wp:term":[{"taxonomy":"product_brand","embeddable":true,"href":"https:\/\/fredtlizer.com\/sept25\/wp-json\/wp\/v2\/product_brand?post=19925"},{"taxonomy":"product_cat","embeddable":true,"href":"https:\/\/fredtlizer.com\/sept25\/wp-json\/wp\/v2\/product_cat?post=19925"},{"taxonomy":"product_tag","embeddable":true,"href":"https:\/\/fredtlizer.com\/sept25\/wp-json\/wp\/v2\/product_tag?post=19925"}],"curies":[{"name":"wp","href":"https:\/\/api.w.org\/{rel}","templated":true}]}}