{"id":19942,"date":"2025-12-29T13:25:59","date_gmt":"2025-12-29T18:25:59","guid":{"rendered":"https:\/\/fredtlizer.com\/sept25\/?post_type=product&#038;p=19942"},"modified":"2025-12-29T13:52:57","modified_gmt":"2025-12-29T18:52:57","slug":"kit-dengrais-pour-plante-aquatique-1-litre","status":"publish","type":"product","link":"https:\/\/fredtlizer.com\/sept25\/produit\/kit-dengrais-pour-plante-aquatique-1-litre\/","title":{"rendered":"Kit d&rsquo;engrais pour plante aquatique 1 litre"},"content":{"rendered":"<p style=\"text-align: left;\">Un kit 30ml donne environ 15 ml de solution nutritive<\/p>\n<p style=\"text-align: left;\"><strong>Peut \u00eatre utilis\u00e9 pour :<\/strong> Anubias (Anubias barteri), Cabomba (Cabomba caroliniana), Elodea \/ Elod\u00e9e (Elodea canadensis), Egeria \/ Egeria densa (Egeria densa), Hydrilla (Hydrilla verticillata), Laitue d\u2019eau (Pistia stratiotes), Myriophylle (Myriophyllum spp.), N\u00e9nuphar (Nymphaea spp.), Sagittaire \/ Fl\u00e8che d\u2019eau (Sagittaria latifolia), Vallisneria (Vallisneria americana)<\/p>\n","protected":false},"excerpt":{"rendered":"<p>Pour des n\u00e9nuphars et plantes aquatiques florissantes, l\u2019\u00e9quilibre des min\u00e9raux est essentiel. Fred T. Lizer garantit un apport cibl\u00e9 en \u00e9l\u00e9ments essentiels qui nourrit les racines, renforce la r\u00e9sistance aux stress et prot\u00e8ge vos plantes contre les ravageurs, tout en restant s\u00fbr pour les poissons et autres habitants du bassin.<\/p>\n<p>R\u00e9sultat : des fleurs \u00e9clatantes et des plantes aquatiques vigoureuses, pour un bassin harmonieux et vivant.<\/p>\n<p><span style=\"color: #08a300;\"><strong>SUPPL\u00c9MENTS HAUTE-PERFORMANCE SUGG\u00c9R\u00c9S :<\/strong><\/span><\/p>\n","protected":false},"featured_media":15960,"template":"","meta":[],"product_brand":[],"product_cat":[1515,1809],"product_tag":[],"class_list":{"0":"post-19942","1":"product","2":"type-product","3":"status-publish","4":"has-post-thumbnail","6":"product_cat-culture-en-terre","7":"product_cat-plantes-aquatiques","8":"product_shipping_class-transport","10":"first","11":"instock","12":"taxable","13":"shipping-taxable","14":"purchasable","15":"product-type-yith_bundle"},"_links":{"self":[{"href":"https:\/\/fredtlizer.com\/sept25\/wp-json\/wp\/v2\/product\/19942","targetHints":{"allow":["GET"]}}],"collection":[{"href":"https:\/\/fredtlizer.com\/sept25\/wp-json\/wp\/v2\/product"}],"about":[{"href":"https:\/\/fredtlizer.com\/sept25\/wp-json\/wp\/v2\/types\/product"}],"version-history":[{"count":1,"href":"https:\/\/fredtlizer.com\/sept25\/wp-json\/wp\/v2\/product\/19942\/revisions"}],"predecessor-version":[{"id":19943,"href":"https:\/\/fredtlizer.com\/sept25\/wp-json\/wp\/v2\/product\/19942\/revisions\/19943"}],"wp:featuredmedia":[{"embeddable":true,"href":"https:\/\/fredtlizer.com\/sept25\/wp-json\/wp\/v2\/media\/15960"}],"wp:attachment":[{"href":"https:\/\/fredtlizer.com\/sept25\/wp-json\/wp\/v2\/media?parent=19942"}],"wp:term":[{"taxonomy":"product_brand","embeddable":true,"href":"https:\/\/fredtlizer.com\/sept25\/wp-json\/wp\/v2\/product_brand?post=19942"},{"taxonomy":"product_cat","embeddable":true,"href":"https:\/\/fredtlizer.com\/sept25\/wp-json\/wp\/v2\/product_cat?post=19942"},{"taxonomy":"product_tag","embeddable":true,"href":"https:\/\/fredtlizer.com\/sept25\/wp-json\/wp\/v2\/product_tag?post=19942"}],"curies":[{"name":"wp","href":"https:\/\/api.w.org\/{rel}","templated":true}]}}