{"id":19962,"date":"2025-12-29T17:22:37","date_gmt":"2025-12-29T22:22:37","guid":{"rendered":"https:\/\/fredtlizer.com\/sept25\/?post_type=product&#038;p=19962"},"modified":"2025-12-29T18:24:43","modified_gmt":"2025-12-29T23:24:43","slug":"kit-dengrais-pour-plante-carnivore-30-ml","status":"publish","type":"product","link":"https:\/\/fredtlizer.com\/sept25\/produit\/kit-dengrais-pour-plante-carnivore-30-ml\/","title":{"rendered":"Kit d&rsquo;engrais pour plante carnivore 30 ml"},"content":{"rendered":"<p style=\"text-align: left;\">Un kit 30ml donne environ 15 ml de solution nutritive<\/p>\n<p style=\"text-align: left;\"><strong>Peut \u00eatre utilis\u00e9 pour :<\/strong> Drosera \/ Rossolis (Drosera spp.), Dion\u00e9e attrape-mouche (Dionaea muscipula), Pinguicula \/ Grassette (Pinguicula spp.), Sarracenia \/ Sarrac\u00e9nie (Sarracenia spp.), Utricularia \/ Utriculaire (Utricularia spp.)<\/p>\n","protected":false},"excerpt":{"rendered":"<p>Les plantes carnivores \u00e9voluent dans des milieux ultra\u2011pauvres en nutriments : elles captent et dig\u00e8rent des insectes pour pallier l\u2019absence de fertilit\u00e9 du sol. Elles ont besoin d\u2019un substrat l\u00e9ger, extr\u00eamement pauvre en \u00e9l\u00e9ments dissous, et d\u2019une eau tr\u00e8s pure (eau de pluie ou osmos\u00e9e) pour \u00e9viter la br\u00fblure racinaire. Avec Fred\u202fT.\u202fLizer, vous offrez \u00e0 vos plantes carnivores une formule adapt\u00e9e : un apport d\u00e9licat, cibl\u00e9 et respectueux de leur physiologie unique, enrichissant le substrat sans le surcharger, tout en soutenant subtilement leur vitalit\u00e9 et leur capacit\u00e9 \u00e0 capturer des proies.<\/p>\n<p>R\u00e9sultat : des plantes carnivores saines, actives et spectaculaires, pr\u00eates \u00e0 s\u2019\u00e9panouir sous vos soins.<\/p>\n<p><span style=\"color: #08a300;\"><strong>SUPPL\u00c9MENTS HAUTE-PERFORMANCE SUGG\u00c9R\u00c9S :<\/strong><\/span><\/p>\n","protected":false},"featured_media":16090,"template":"","meta":[],"product_brand":[],"product_cat":[1515,1811],"product_tag":[],"class_list":{"0":"post-19962","1":"product","2":"type-product","3":"status-publish","4":"has-post-thumbnail","6":"product_cat-culture-en-terre","7":"product_cat-plantes-carnivores","8":"product_shipping_class-transport","10":"first","11":"instock","12":"taxable","13":"shipping-taxable","14":"purchasable","15":"product-type-yith_bundle"},"_links":{"self":[{"href":"https:\/\/fredtlizer.com\/sept25\/wp-json\/wp\/v2\/product\/19962","targetHints":{"allow":["GET"]}}],"collection":[{"href":"https:\/\/fredtlizer.com\/sept25\/wp-json\/wp\/v2\/product"}],"about":[{"href":"https:\/\/fredtlizer.com\/sept25\/wp-json\/wp\/v2\/types\/product"}],"version-history":[{"count":2,"href":"https:\/\/fredtlizer.com\/sept25\/wp-json\/wp\/v2\/product\/19962\/revisions"}],"predecessor-version":[{"id":19969,"href":"https:\/\/fredtlizer.com\/sept25\/wp-json\/wp\/v2\/product\/19962\/revisions\/19969"}],"wp:featuredmedia":[{"embeddable":true,"href":"https:\/\/fredtlizer.com\/sept25\/wp-json\/wp\/v2\/media\/16090"}],"wp:attachment":[{"href":"https:\/\/fredtlizer.com\/sept25\/wp-json\/wp\/v2\/media?parent=19962"}],"wp:term":[{"taxonomy":"product_brand","embeddable":true,"href":"https:\/\/fredtlizer.com\/sept25\/wp-json\/wp\/v2\/product_brand?post=19962"},{"taxonomy":"product_cat","embeddable":true,"href":"https:\/\/fredtlizer.com\/sept25\/wp-json\/wp\/v2\/product_cat?post=19962"},{"taxonomy":"product_tag","embeddable":true,"href":"https:\/\/fredtlizer.com\/sept25\/wp-json\/wp\/v2\/product_tag?post=19962"}],"curies":[{"name":"wp","href":"https:\/\/api.w.org\/{rel}","templated":true}]}}