{"id":20030,"date":"2025-12-29T21:17:27","date_gmt":"2025-12-30T02:17:27","guid":{"rendered":"https:\/\/fredtlizer.com\/sept25\/?post_type=product&#038;p=20030"},"modified":"2026-01-18T14:01:07","modified_gmt":"2026-01-18T19:01:07","slug":"kit-dengrais-pour-plante-verte-30-ml","status":"publish","type":"product","link":"https:\/\/fredtlizer.com\/sept25\/produit\/kit-dengrais-pour-plante-verte-30-ml\/","title":{"rendered":"Kit d&rsquo;engrais pour plante verte 30 ml"},"content":{"rendered":"<p style=\"text-align: left;\">Un kit 30ml donne jusqu&rsquo;\u00e0 60L de solution nutritive<\/p>\n<p style=\"text-align: left;\"><strong>Peut \u00eatre utilis\u00e9 pour :<\/strong> Aglaonema (Aglaonema commutatum), Alocasia (Alocasia amazonica), Aralia (Polyscias fruticosa), Asplenium ou foug\u00e8re nid d\u2019oiseau (Asplenium nidus), Beaucarnea ou pied d\u2019\u00e9l\u00e9phant (Beaucarnea recurvata), Calathea (Calathea makoyana), Ceropegia ou cha\u00eene des c\u0153urs (Ceropegia woodii), Chamaedorea ou palmier nain (Chamaedorea elegans), Chlorophytum ou plante araign\u00e9e (Chlorophytum comosum), Cissus ou vigne d\u2019appartement (Cissus rhombifolia), Coffea ou caf\u00e9ier (Coffea arabica), Colocasia ou oreille d\u2019\u00e9l\u00e9phant (Colocasia esculenta), Cordyline (Cordyline fruticosa), Croton (Codiaeum variegatum), Dieffenbachia (Dieffenbachia seguine), Dracaena (Dracaena marginata), Epipremnum ou pothos (Epipremnum aureum), Fatsia du Japon (Fatsia japonica), Ficus benjamina (Ficus benjamina), Ficus elastica ou caoutchouc (Ficus elastica), Ficus lyrata (Ficus lyrata), Foug\u00e8re de Boston (Nephrolepis exaltata), Kentia (Howea forsteriana), Maranta ou plante qui prie (Maranta leuconeura), Monstera (Monstera deliciosa), Nephrolepis (Nephrolepis exaltata \u2018Bostoniensis\u2019), Palmier areca (Dypsis lutescens), Palmier kentia (Howea forsteriana), Palmier rhapis (Rhapis excelsa), Peperomia \u00e0 feuillage vert (Peperomia obtusifolia), Philodendron (Philodendron scandens), Pilea ou plante \u00e0 monnaie chinoise (Pilea peperomioides), Polyscias (Polyscias balfouriana), Rhipsalis (Rhipsalis baccifera), Sansevi\u00e8re ou langue de belle-m\u00e8re (Sansevieria trifasciata), Schefflera (Schefflera arboricola), Scindapsus ou pothos argent\u00e9 (Scindapsus pictus), Spathiphyllum \u00e0 feuillage d\u00e9coratif (Spathiphyllum wallisii), Syngonium (Syngonium podophyllum), Tradescantia (Tradescantia zebrina), Yucca (Yucca elephantipes), Zamioculcas (Zamioculcas zamiifolia).<\/p>\n","protected":false},"excerpt":{"rendered":"<p>Les plantes vertes d\u2019int\u00e9rieur apportent vie et fra\u00eecheur \u00e0 nos espaces, mais elles peuvent \u00eatre sensibles au stress, au manque de lumi\u00e8re, aux racines trop compactes ou aux carences nutritives. Fred\u202fT.\u202fLizer fournit un apport pr\u00e9cis et \u00e9quilibr\u00e9 en min\u00e9raux essentiels et une richesse biologique qui revitalise le substrat, soutient les racines d\u00e9licates et stimule la croissance, tout en renfor\u00e7ant la r\u00e9sistance naturelle aux maladies et aux ravageurs courants des plantes d\u2019int\u00e9rieur.<\/p>\n<p>R\u00e9sultat : des feuilles luxuriantes, une croissance harmonieuse et des plantes vertes robustes qui embellissent votre espace toute l\u2019ann\u00e9e.<\/p>\n<p><span style=\"color: #08a300;\"><strong>SUPPL\u00c9MENTS HAUTE-PERFORMANCE SUGG\u00c9R\u00c9S :<\/strong><\/span><\/p>\n","protected":false},"featured_media":17012,"template":"","meta":[],"product_brand":[],"product_cat":[1515,1812],"product_tag":[],"class_list":{"0":"post-20030","1":"product","2":"type-product","3":"status-publish","4":"has-post-thumbnail","6":"product_cat-culture-en-terre","7":"product_cat-plantes-vertes-dinterieur","8":"product_shipping_class-transport","10":"first","11":"instock","12":"taxable","13":"shipping-taxable","14":"purchasable","15":"product-type-yith_bundle"},"_links":{"self":[{"href":"https:\/\/fredtlizer.com\/sept25\/wp-json\/wp\/v2\/product\/20030","targetHints":{"allow":["GET"]}}],"collection":[{"href":"https:\/\/fredtlizer.com\/sept25\/wp-json\/wp\/v2\/product"}],"about":[{"href":"https:\/\/fredtlizer.com\/sept25\/wp-json\/wp\/v2\/types\/product"}],"version-history":[{"count":2,"href":"https:\/\/fredtlizer.com\/sept25\/wp-json\/wp\/v2\/product\/20030\/revisions"}],"predecessor-version":[{"id":27205,"href":"https:\/\/fredtlizer.com\/sept25\/wp-json\/wp\/v2\/product\/20030\/revisions\/27205"}],"wp:featuredmedia":[{"embeddable":true,"href":"https:\/\/fredtlizer.com\/sept25\/wp-json\/wp\/v2\/media\/17012"}],"wp:attachment":[{"href":"https:\/\/fredtlizer.com\/sept25\/wp-json\/wp\/v2\/media?parent=20030"}],"wp:term":[{"taxonomy":"product_brand","embeddable":true,"href":"https:\/\/fredtlizer.com\/sept25\/wp-json\/wp\/v2\/product_brand?post=20030"},{"taxonomy":"product_cat","embeddable":true,"href":"https:\/\/fredtlizer.com\/sept25\/wp-json\/wp\/v2\/product_cat?post=20030"},{"taxonomy":"product_tag","embeddable":true,"href":"https:\/\/fredtlizer.com\/sept25\/wp-json\/wp\/v2\/product_tag?post=20030"}],"curies":[{"name":"wp","href":"https:\/\/api.w.org\/{rel}","templated":true}]}}