{"id":20041,"date":"2025-12-29T21:46:32","date_gmt":"2025-12-30T02:46:32","guid":{"rendered":"https:\/\/fredtlizer.com\/sept25\/?post_type=product&#038;p=20041"},"modified":"2026-01-18T13:23:09","modified_gmt":"2026-01-18T18:23:09","slug":"kit-dengrais-pour-tomates-pour-culture-en-terre-30-ml","status":"publish","type":"product","link":"https:\/\/fredtlizer.com\/sept25\/produit\/kit-dengrais-pour-tomates-pour-culture-en-terre-30-ml\/","title":{"rendered":"Kit d&rsquo;engrais pour tomate 30 ml"},"content":{"rendered":"<p style=\"text-align: left;\">Un kit 30ml donne jusqu&rsquo;\u00e0 15L de solution nutritive<\/p>\n<p style=\"text-align: left;\"><strong>Peut \u00eatre utilis\u00e9 pour :<\/strong> Tomate \u2018Abondance\u2019 (Solanum lycopersicum \u2018Abondance\u2019), Tomate \u2018Amish Paste\u2019 (Solanum lycopersicum \u2018Amish Paste\u2019), Tomate \u2018Ananas\u2019 (Solanum lycopersicum \u2018Ananas\u2019), Tomate \u2018Ananas Noire\u2019 (Solanum lycopersicum \u2018Ananas Noire\u2019), Tomate \u2018Andine Cornue\u2019 (Solanum lycopersicum \u2018Andine Cornue\u2019), Tomate \u2018Aunt Ruby\u2019s German Green\u2019 (Solanum lycopersicum \u2018Aunt Ruby\u2019s German Green\u2019), Tomate \u2018Aurora\u2019 (Solanum lycopersicum \u2018Aurora\u2019), Tomate \u2018Beefsteak\u2019 (Solanum lycopersicum \u2018Beefsteak\u2019), Tomate \u2018Big Rainbow\u2019 (Solanum lycopersicum \u2018Big Rainbow\u2019), Tomate \u2018Black Cherry\u2019 (Solanum lycopersicum \u2018Black Cherry\u2019), Tomate \u2018Brandywine\u2019 (Solanum lycopersicum \u2018Brandywine\u2019), Tomate \u2018Carbon\u2019 (Solanum lycopersicum \u2018Carbon\u2019), Tomate \u2018Cherokee Purple\u2019 (Solanum lycopersicum \u2018Cherokee Purple\u2019), Tomate \u2018C\u0153ur de pigeon\u2019 (Solanum lycopersicum \u2018C\u0153ur de pigeon\u2019), Tomate \u2018Green Zebra\u2019 (Solanum lycopersicum \u2018Green Zebra\u2019), Tomate \u2018Golden Sweet\u2019 (Solanum lycopersicum \u2018Golden Sweet\u2019), Tomate \u2018Kumato\u2019 (Solanum lycopersicum \u2018Kumato\u2019), Tomate \u2018Marmande\u2019 (Solanum lycopersicum \u2018Marmande\u2019), Tomate \u2018Mortgage Lifter\u2019 (Solanum lycopersicum \u2018Mortgage Lifter\u2019), Tomate \u2018Noire de Crim\u00e9e\u2019 (Solanum lycopersicum \u2018Noire de Crim\u00e9e\u2019), Tomate \u2018Opalka\u2019 (Solanum lycopersicum \u2018Opalka\u2019), Tomate \u2018Orange Banana\u2019 (Solanum lycopersicum \u2018Orange Banana\u2019), Tomate \u2018Pineapple\u2019 (Solanum lycopersicum \u2018Pineapple\u2019), Tomate \u2018Pink Brandywine\u2019 (Solanum lycopersicum \u2018Pink Brandywine\u2019), Tomate \u2018Pink Berkeley Tie Dye\u2019 (Solanum lycopersicum \u2018Pink Berkeley Tie Dye\u2019), Tomate \u2018Pink Lady\u2019 (Solanum lycopersicum \u2018Pink Lady\u2019), Tomate \u2018Principe Borghese\u2019 (Solanum lycopersicum \u2018Principe Borghese\u2019), Tomate \u2018Purple Calabash\u2019 (Solanum lycopersicum \u2018Purple Calabash\u2019), Tomate \u2018Red Zebra\u2019 (Solanum lycopersicum \u2018Red Zebra\u2019), Tomate \u2018Roma\u2019 (Solanum lycopersicum \u2018Roma\u2019), Tomate \u2018San Marzano\u2019 (Solanum lycopersicum \u2018San Marzano\u2019), Tomate \u2018Stupice\u2019 (Solanum lycopersicum \u2018Stupice\u2019), Tomate \u2018Sun Gold\u2019 (Solanum lycopersicum \u2018Sun Gold\u2019), Tomate \u2018Sweet Million\u2019 (Solanum lycopersicum \u2018Sweet Million\u2019), Tomate \u2018Tigerella\u2019 (Solanum lycopersicum \u2018Tigerella\u2019), Tomate \u2018Totem\u2019 (Solanum lycopersicum \u2018Totem\u2019), Tomate \u2018Valencia\u2019 (Solanum lycopersicum \u2018Valencia\u2019), Tomate \u2018Yellow Pear\u2019 (Solanum lycopersicum \u2018Yellow Pear\u2019), Tomate \u2018Zebra\u2019 (Solanum lycopersicum \u2018Zebra\u2019), Tomate \u2018Black from Tula\u2019 (Solanum lycopersicum \u2018Black from Tula\u2019), Tomate \u2018Blush\u2019 (Solanum lycopersicum \u2018Blush\u2019), Tomate \u2018Garden Peach\u2019 (Solanum lycopersicum \u2018Garden Peach\u2019), Tomate \u2018Golden Jubilee\u2019 (Solanum lycopersicum \u2018Golden Jubilee\u2019), Tomate \u2018Green Grape\u2019 (Solanum lycopersicum \u2018Green Grape\u2019), Tomate \u2018Habanero Red\u2019 (Solanum lycopersicum \u2018Habanero Red\u2019), Tomate \u2018Isis Candy\u2019 (Solanum lycopersicum \u2018Isis Candy\u2019), Tomate \u2018Jubilee\u2019 (Solanum lycopersicum \u2018Jubilee\u2019), Tomate \u2018Kellogg\u2019s Breakfast\u2019 (Solanum lycopersicum \u2018Kellogg\u2019s Breakfast\u2019), Tomate \u2018Lemon Boy\u2019 (Solanum lycopersicum \u2018Lemon Boy\u2019), Tomate \u2018Matt\u2019s Wild Cherry\u2019 (Solanum lycopersicum \u2018Matt\u2019s Wild Cherry\u2019), Tomate \u2018Orange Russian\u2019 (Solanum lycopersicum \u2018Orange Russian\u2019), Tomate \u2018Pink Berkley Tie Dye\u2019 (Solanum lycopersicum \u2018Pink Berkley Tie Dye\u2019), Tomate \u2018Red Brandywine\u2019 (Solanum lycopersicum \u2018Red Brandywine\u2019), Tomate \u2018San Andreas\u2019 (Solanum lycopersicum \u2018San Andreas\u2019), Tomate \u2018Sungold Select\u2019 (Solanum lycopersicum \u2018Sungold Select\u2019), Tomate \u2018Tiger\u2019 (Solanum lycopersicum \u2018Tiger\u2019), Tomate \u2018White Queen\u2019 (Solanum lycopersicum \u2018White Queen\u2019).<\/p>\n","protected":false},"excerpt":{"rendered":"<p data-start=\"221\" data-end=\"530\">Les tomates sont des plantes gourmandes en nutriments, exigeantes en potassium, phosphore, calcium et micronutriments pour produire des fruits savoureux, volumineux et uniformes. Elles sont sensibles aux carences, au stress hydrique et aux maladies, ce qui peut rapidement affecter le rendement et la qualit\u00e9.<\/p>\n<p data-start=\"532\" data-end=\"1162\"><strong data-start=\"532\" data-end=\"549\">Fred T. Lizer<\/strong> fournit une formule unique et ultra-assimilable, dos\u00e9e avec pr\u00e9cision pour soutenir chaque phase de croissance et de fructification. Nos min\u00e9raux parfaitement \u00e9quilibr\u00e9s optimisent l\u2019enracinement, stimulent la floraison et la production de fruits, tout en renfor\u00e7ant naturellement la r\u00e9sistance aux ravageurs et aux stress environnementaux. Notre gamme inclut des produits sp\u00e9cifiques pour maximiser la production et d\u2019autres <strong data-start=\"976\" data-end=\"1022\">con\u00e7us pour \u00e9liminer la pourriture apicale<\/strong>, en assurant une assimilation optimale du calcium et une nutrition parfaitement \u00e9quilibr\u00e9e, garantissant des r\u00e9coltes saines et abondantes.<\/p>\n<p data-start=\"1164\" data-end=\"1510\"><strong data-start=\"1167\" data-end=\"1205\">Engagement salubrit\u00e9 Fred T. Lizer<\/strong><br data-start=\"1205\" data-end=\"1208\" \/>Tous nos produits sont formul\u00e9s <strong data-start=\"1240\" data-end=\"1273\">sans ingr\u00e9dients canc\u00e9rig\u00e8nes<\/strong> et <strong data-start=\"1277\" data-end=\"1308\">sans m\u00e9taux lourds toxiques<\/strong>, incluant l\u2019arsenic, le plomb, le mercure et le cadmium. Vous nourrissez vos plants en toute confiance, avec une solution s\u00e9curitaire qui respecte la sant\u00e9 des consommateurs et la qualit\u00e9 des aliments.<\/p>\n<p data-start=\"1512\" data-end=\"1799\"><strong data-start=\"1512\" data-end=\"1526\">R\u00e9sultat :<\/strong> des tomates robustes, aromatiques et juteuses, avec des rendements exceptionnels, que ce soit en pleine terre, en pot, en jardini\u00e8re ou en hydroponie \u2014 une performance digne des producteurs professionnels les plus exigeants, <strong data-start=\"1752\" data-end=\"1798\">sans compromis sur la s\u00e9curit\u00e9 alimentaire<\/strong>.<\/p>\n<p><span style=\"color: #08a300;\"><strong>SUPPL\u00c9MENTS HAUTE-PERFORMANCE SUGG\u00c9R\u00c9S :<\/strong><\/span><\/p>\n","protected":false},"featured_media":17012,"template":"","meta":[],"product_brand":[],"product_cat":[1515,1813],"product_tag":[],"class_list":{"0":"post-20041","1":"product","2":"type-product","3":"status-publish","4":"has-post-thumbnail","6":"product_cat-culture-en-terre","7":"product_cat-tomate-terre","8":"product_shipping_class-transport","10":"first","11":"instock","12":"taxable","13":"shipping-taxable","14":"purchasable","15":"product-type-yith_bundle"},"_links":{"self":[{"href":"https:\/\/fredtlizer.com\/sept25\/wp-json\/wp\/v2\/product\/20041","targetHints":{"allow":["GET"]}}],"collection":[{"href":"https:\/\/fredtlizer.com\/sept25\/wp-json\/wp\/v2\/product"}],"about":[{"href":"https:\/\/fredtlizer.com\/sept25\/wp-json\/wp\/v2\/types\/product"}],"version-history":[{"count":2,"href":"https:\/\/fredtlizer.com\/sept25\/wp-json\/wp\/v2\/product\/20041\/revisions"}],"predecessor-version":[{"id":27201,"href":"https:\/\/fredtlizer.com\/sept25\/wp-json\/wp\/v2\/product\/20041\/revisions\/27201"}],"wp:featuredmedia":[{"embeddable":true,"href":"https:\/\/fredtlizer.com\/sept25\/wp-json\/wp\/v2\/media\/17012"}],"wp:attachment":[{"href":"https:\/\/fredtlizer.com\/sept25\/wp-json\/wp\/v2\/media?parent=20041"}],"wp:term":[{"taxonomy":"product_brand","embeddable":true,"href":"https:\/\/fredtlizer.com\/sept25\/wp-json\/wp\/v2\/product_brand?post=20041"},{"taxonomy":"product_cat","embeddable":true,"href":"https:\/\/fredtlizer.com\/sept25\/wp-json\/wp\/v2\/product_cat?post=20041"},{"taxonomy":"product_tag","embeddable":true,"href":"https:\/\/fredtlizer.com\/sept25\/wp-json\/wp\/v2\/product_tag?post=20041"}],"curies":[{"name":"wp","href":"https:\/\/api.w.org\/{rel}","templated":true}]}}