{"id":20051,"date":"2025-12-29T22:12:15","date_gmt":"2025-12-30T03:12:15","guid":{"rendered":"https:\/\/fredtlizer.com\/sept25\/?post_type=product&#038;p=20051"},"modified":"2026-01-18T17:48:52","modified_gmt":"2026-01-18T22:48:52","slug":"kit-dengrais-pour-brocoli-chou-chou-fleur-30-ml","status":"publish","type":"product","link":"https:\/\/fredtlizer.com\/sept25\/produit\/kit-dengrais-pour-brocoli-chou-chou-fleur-30-ml\/","title":{"rendered":"Kit de fertilisants F2 (min\u00e9raux essentiels) 30 ml"},"content":{"rendered":"<p style=\"text-align: left;\">Un kit 30ml donne jusqu&rsquo;\u00e0 30L de solution nutritive<\/p>\n<p style=\"text-align: left;\"><strong>Peut \u00eatre utilis\u00e9 pour :<\/strong> Brocoli (Brassica oleracea var. italica), Chou de Bruxelles (Brassica oleracea var. gemmifera), Chou-fleur (Brassica oleracea var. botrytis), Chou pomm\u00e9 \/ Chou de plein champ (Brassica oleracea var. capitata), Chou-rave (Brassica oleracea var. gongylodes), Collette \/ Collards (Brassica oleracea var. viridis), Moutarde blanche (Sinapis alba), Moutarde indienne \/ Moutarde chinoise (Brassica juncea), Moutarde d\u00e9corative \/ moutarde \u00e0 graines (divers Brassicaceae vendus en semence), Navet (Brassica rapa subsp. rapa), Raifort \/ Horseradish (Armoracia rusticana), Raiponce \/ Rapini (Brassica rapa var. ruvo, aka broccoli rabe), Radis (Raphanus sativus), Roquette \/ Eruca (Eruca sativa), Wasabi (Eutrema japonicum), Cresson (Nasturtium officinale)<\/p>\n","protected":false},"excerpt":{"rendered":"<p data-start=\"288\" data-end=\"370\"><strong data-start=\"288\" data-end=\"370\">Kit Brocoli, Chou &amp; Chou-fleur \u2013 Performance naturelle et s\u00e9curit\u00e9 alimentaire<\/strong><\/p>\n<p data-start=\"372\" data-end=\"598\">Le kit <strong data-start=\"379\" data-end=\"396\">Fred T. Lizer<\/strong> pour brocoli, chou et chou-fleur a \u00e9t\u00e9 con\u00e7u pour accompagner vos cultures vers une croissance saine, vigoureuse et \u00e9quilibr\u00e9e, tout en respectant ce qui compte le plus : la <strong data-start=\"571\" data-end=\"597\">salubrit\u00e9 des aliments<\/strong>.<\/p>\n<p data-start=\"600\" data-end=\"827\">Gr\u00e2ce \u00e0 une formulation pr\u00e9cise et facile \u00e0 utiliser, ce kit soutient le d\u00e9veloppement des plants, am\u00e9liore la structure des l\u00e9gumes et favorise des r\u00e9coltes uniformes et de qualit\u00e9, du jardin familial au potager plus intensif.<\/p>\n<p data-start=\"829\" data-end=\"1139\"><strong data-start=\"832\" data-end=\"870\">Engagement salubrit\u00e9 Fred T. Lizer<\/strong><br data-start=\"870\" data-end=\"873\" \/>Nos produits sont fabriqu\u00e9s <strong data-start=\"901\" data-end=\"934\">sans ingr\u00e9dients canc\u00e9rig\u00e8nes<\/strong> et <strong data-start=\"938\" data-end=\"969\">sans m\u00e9taux lourds toxiques<\/strong>, notamment <strong data-start=\"981\" data-end=\"1030\">l\u2019arsenic, le plomb, le mercure et le cadmium<\/strong>. Vous nourrissez vos cultures en toute confiance, sans compromis pour votre sant\u00e9 ni celle de votre famille.<\/p>\n<p data-start=\"1141\" data-end=\"1175\"><strong data-start=\"1144\" data-end=\"1173\">Pourquoi choisir ce kit ?<\/strong><\/p>\n<ul data-start=\"1176\" data-end=\"1370\">\n<li data-start=\"1176\" data-end=\"1222\">\n<p data-start=\"1178\" data-end=\"1222\">Favorise une croissance forte et r\u00e9guli\u00e8re<\/p>\n<\/li>\n<li data-start=\"1223\" data-end=\"1279\">\n<p data-start=\"1225\" data-end=\"1279\">Am\u00e9liore la qualit\u00e9 visuelle et la tenue des l\u00e9gumes<\/p>\n<\/li>\n<li data-start=\"1280\" data-end=\"1329\">\n<p data-start=\"1282\" data-end=\"1329\">Simple \u00e0 int\u00e9grer \u00e0 vos pratiques habituelles<\/p>\n<\/li>\n<li data-start=\"1330\" data-end=\"1370\">\n<p data-start=\"1332\" data-end=\"1370\">Formulation s\u00e9curitaire et responsable<\/p>\n<\/li>\n<\/ul>\n<p data-start=\"1372\" data-end=\"1493\"><strong data-start=\"1372\" data-end=\"1423\">Cultivez mieux, r\u00e9coltez en toute tranquillit\u00e9.<\/strong><br data-start=\"1423\" data-end=\"1426\" \/>Avec <strong data-start=\"1431\" data-end=\"1448\">Fred T. Lizer<\/strong>, la performance va de pair avec la s\u00e9curit\u00e9.<\/p>\n<p><span style=\"color: #08a300;\"><strong>SUPPL\u00c9MENTS HAUTE-PERFORMANCE SUGG\u00c9R\u00c9S :<\/strong><\/span><\/p>\n","protected":false},"featured_media":15987,"template":"","meta":[],"product_brand":[],"product_cat":[1801,1515],"product_tag":[],"class_list":{"0":"post-20051","1":"product","2":"type-product","3":"status-publish","4":"has-post-thumbnail","6":"product_cat-brocoli-chou-chou-fleur","7":"product_cat-culture-en-terre","8":"product_shipping_class-transport","10":"first","11":"instock","12":"taxable","13":"shipping-taxable","14":"purchasable","15":"product-type-yith_bundle"},"_links":{"self":[{"href":"https:\/\/fredtlizer.com\/sept25\/wp-json\/wp\/v2\/product\/20051","targetHints":{"allow":["GET"]}}],"collection":[{"href":"https:\/\/fredtlizer.com\/sept25\/wp-json\/wp\/v2\/product"}],"about":[{"href":"https:\/\/fredtlizer.com\/sept25\/wp-json\/wp\/v2\/types\/product"}],"version-history":[{"count":4,"href":"https:\/\/fredtlizer.com\/sept25\/wp-json\/wp\/v2\/product\/20051\/revisions"}],"predecessor-version":[{"id":27241,"href":"https:\/\/fredtlizer.com\/sept25\/wp-json\/wp\/v2\/product\/20051\/revisions\/27241"}],"wp:featuredmedia":[{"embeddable":true,"href":"https:\/\/fredtlizer.com\/sept25\/wp-json\/wp\/v2\/media\/15987"}],"wp:attachment":[{"href":"https:\/\/fredtlizer.com\/sept25\/wp-json\/wp\/v2\/media?parent=20051"}],"wp:term":[{"taxonomy":"product_brand","embeddable":true,"href":"https:\/\/fredtlizer.com\/sept25\/wp-json\/wp\/v2\/product_brand?post=20051"},{"taxonomy":"product_cat","embeddable":true,"href":"https:\/\/fredtlizer.com\/sept25\/wp-json\/wp\/v2\/product_cat?post=20051"},{"taxonomy":"product_tag","embeddable":true,"href":"https:\/\/fredtlizer.com\/sept25\/wp-json\/wp\/v2\/product_tag?post=20051"}],"curies":[{"name":"wp","href":"https:\/\/api.w.org\/{rel}","templated":true}]}}